{"id":13903,"date":"2025-11-20T10:53:40","date_gmt":"2025-11-20T10:53:40","guid":{"rendered":"https:\/\/pravri.uniri.hr\/?page_id=13903"},"modified":"2026-04-29T03:33:42","modified_gmt":"2026-04-29T03:33:42","slug":"legal-and-ethical-implications-of-the-dehumanisation-of-the-justice-and-public-administration-through-legal-technology","status":"publish","type":"page","link":"https:\/\/pravri.uniri.hr\/en\/project\/legal-and-ethical-implications-of-the-dehumanisation-of-the-justice-and-public-administration-through-legal-technology\/","title":{"rendered":"Legal and Ethical Implications of the Dehumanisation of the Justice and Public Administration through Legal Technology"},"content":{"rendered":"<div class=\"wp-block-ub-content-toggle wp-block-ub-content-toggle-block\" id=\"ub-content-toggle-block-19bd5ef1-1cf7-4742-97cb-8007a9e893f1\" data-mobilecollapse=\"true\" data-desktopcollapse=\"true\" data-preventcollapse=\"false\" data-showonlyone=\"false\">\n<div class=\"wp-block-ub-content-toggle-accordion\" style=\"border-color: #f1f1f1;\" id=\"ub-content-toggle-panel-block-\">\n\t\t\t<div class=\"wp-block-ub-content-toggle-accordion-title-wrap\" style=\"background-color: #f1f1f1;\" aria-controls=\"ub-content-toggle-panel-0-19bd5ef1-1cf7-4742-97cb-8007a9e893f1\" tabindex=\"0\">\n\t\t\t<p class=\"wp-block-ub-content-toggle-accordion-title ub-content-toggle-title-19bd5ef1-1cf7-4742-97cb-8007a9e893f1\" style=\"color: #000000; \">About the Project<\/p>\n\t\t\t<div class=\"wp-block-ub-content-toggle-accordion-toggle-wrap right\" style=\"color: #000000;\"><span class=\"wp-block-ub-content-toggle-accordion-state-indicator wp-block-ub-chevron-down\"><\/span><\/div>\n\t\t<\/div>\n\t\t\t<div role=\"region\" aria-expanded=\"false\" class=\"wp-block-ub-content-toggle-accordion-content-wrap ub-hide\" id=\"ub-content-toggle-panel-0-19bd5ef1-1cf7-4742-97cb-8007a9e893f1\">\n\n<p><strong>Project title<\/strong>: Legal and Ethical Implications of the Dehumanisation of the Justice and Public Administration through Legal Technology<br><strong>Project acronym<\/strong>: TECHNO-IUS<br><strong>Project number<\/strong>: uniri-mzi-25-31<br><strong>Project financing<\/strong>: European Union \u2013 NextGenerationEU<br><strong>Project duration<\/strong>: 1 October 2025 \u2013 30 September 2029<br><strong>Total value of the project (EUR)<\/strong>: 81.743,65<br><strong>Legal disclaimer<\/strong>: This project is funded by European Union \u2013 NextGenerationEU via the Croatian National Recovery and Resilience Plan 2021-2026, in conjunction with the University of Rijeka, Faculty of Law Programme Financing. The views and opinions expressed are solely those of the authors and do not necessarily reflect the official position of the European Union or the European Commission. Neither the European Union nor the European Commission can be held responsible for them.<\/p>\n\n\n\n<figure class=\"wp-block-image aligncenter size-medium\"><img decoding=\"async\" width=\"300\" height=\"90\" src=\"https:\/\/pravri.uniri.hr\/wp-content\/uploads\/2025\/11\/funded_eu-300x90.png\" alt=\"\" class=\"wp-image-13919\" srcset=\"https:\/\/pravri.uniri.hr\/wp-content\/uploads\/2025\/11\/funded_eu-300x90.png 300w, https:\/\/pravri.uniri.hr\/wp-content\/uploads\/2025\/11\/funded_eu.png 411w\" sizes=\"(max-width: 300px) 100vw, 300px\" \/><\/figure>\n\n<\/div>\n\t\t<\/div>\n\n<div class=\"wp-block-ub-content-toggle-accordion\" style=\"border-color: #f1f1f1;\" id=\"ub-content-toggle-panel-block-\">\n\t\t\t<div class=\"wp-block-ub-content-toggle-accordion-title-wrap\" style=\"background-color: #f1f1f1;\" aria-controls=\"ub-content-toggle-panel-1-19bd5ef1-1cf7-4742-97cb-8007a9e893f1\" tabindex=\"0\">\n\t\t\t<p class=\"wp-block-ub-content-toggle-accordion-title ub-content-toggle-title-19bd5ef1-1cf7-4742-97cb-8007a9e893f1\" style=\"color: #000000; \">Project Leader<\/p>\n\t\t\t<div class=\"wp-block-ub-content-toggle-accordion-toggle-wrap right\" style=\"color: #000000;\"><span class=\"wp-block-ub-content-toggle-accordion-state-indicator wp-block-ub-chevron-down\"><\/span><\/div>\n\t\t<\/div>\n\t\t\t<div role=\"region\" aria-expanded=\"false\" class=\"wp-block-ub-content-toggle-accordion-content-wrap ub-hide\" id=\"ub-content-toggle-panel-1-19bd5ef1-1cf7-4742-97cb-8007a9e893f1\">\n\n<p><strong>Name and surname<\/strong>: prof. dr. sc. Ivana Kunda<br><strong>E-mail<\/strong>: <a href=\"mailto:ivana.kunda@uniri.hr\">ivana.kunda@uniri.hr<\/a><\/p>\n\n<\/div>\n\t\t<\/div>\n\n<div class=\"wp-block-ub-content-toggle-accordion\" style=\"border-color: #f1f1f1;\" id=\"ub-content-toggle-panel-block-\">\n\t\t\t<div class=\"wp-block-ub-content-toggle-accordion-title-wrap\" style=\"background-color: #f1f1f1;\" aria-controls=\"ub-content-toggle-panel-2-19bd5ef1-1cf7-4742-97cb-8007a9e893f1\" tabindex=\"0\">\n\t\t\t<p class=\"wp-block-ub-content-toggle-accordion-title ub-content-toggle-title-19bd5ef1-1cf7-4742-97cb-8007a9e893f1\" style=\"color: #000000; \">Project Team Members<\/p>\n\t\t\t<div class=\"wp-block-ub-content-toggle-accordion-toggle-wrap right\" style=\"color: #000000;\"><span class=\"wp-block-ub-content-toggle-accordion-state-indicator wp-block-ub-chevron-down\"><\/span><\/div>\n\t\t<\/div>\n\t\t\t<div role=\"region\" aria-expanded=\"false\" class=\"wp-block-ub-content-toggle-accordion-content-wrap ub-hide\" id=\"ub-content-toggle-panel-2-19bd5ef1-1cf7-4742-97cb-8007a9e893f1\">\n\n<p><strong>Members from the University of Rijeka, Faculty of Law:<\/strong><\/p>\n\n\n\n<ul class=\"wp-block-list\">\n<li>prof. dr. sc. Dario \u0110er\u0111a, <a href=\"mailto:dario.derda@uniri.hr\">dario.derda@uniri.hr<\/a><\/li>\n\n\n\n<li>prof. dr. sc. Gabrijela Mihel\u010di\u0107, <a href=\"mailto:gabrijela.mihelcic@uniri.hr\">gabrijela.mihelcic@uniri.hr<\/a>\u00a0<\/li>\n\n\n\n<li>izv. prof. dr. sc. Danijela Vrbljanac, <a href=\"mailto:danijela.vrbljanac@uniri.hr\">danijela.vrbljanac@uniri.hr<\/a><\/li>\n\n\n\n<li>izv. prof. dr. sc. Dana Dobri\u0107 Jambrovi\u0107, <a href=\"mailto:dana.dobric@uniri.hr\">dana.dobric@uniri.hr<\/a>\u00a0<\/li>\n\n\n\n<li>doc. dr. sc. Armando Demark, <a href=\"mailto:armando.demark@uniri.hr\">armando.demark@uniri.hr<\/a><\/li>\n\n\n\n<li>doc. dr. sc. Josip De\u0161i\u0107, <a href=\"mailto:josip.desic@uniri.hr\">josip.desic@uniri.hr<\/a><\/li>\n<\/ul>\n\n\n\n<p><strong>External members:<\/strong><\/p>\n\n\n\n<ul class=\"wp-block-list\">\n<li>prof. dr. sc. Giovanni Sartor, Sveu\u010dili\u0161te u Bologni; European University Institute Florence (EUI), <a href=\"mailto:Giovanni.Sartor@eui.eu\">Giovanni.Sartor@eui.eu<\/a>\u00a0<\/li>\n\n\n\n<li>izv. prof. dr. Pavel Koukal, Sveu\u010dili\u0161te Masaryk, <a href=\"mailto:3672@muni.cz\">3672@muni.cz<\/a>\u00a0<\/li>\n\n\n\n<li>doc. dr. sc. Denis Baghrizabehi, Sveu\u010dili\u0161te u Mariboru, <a href=\"mailto:denis.baghrizabehi@um.si\">denis.baghrizabehi@um.si<\/a>\u00a0<\/li>\n\n\n\n<li>dr. sc. Jasmina Mutab\u017eija, v. pred., Veleu\u010dili\u0161te PAR Rijeka; Posluh d.o.o., <a href=\"mailto:jasmina@posluh.hr\">jasmina@posluh.hr<\/a><\/li>\n<\/ul>\n\n\n\n<p><strong>Doctoral students:<\/strong><\/p>\n\n\n\n<ul class=\"wp-block-list\">\n<li>Dorotea Tu\u0161kan, Sveu\u010dili\u0161te obrane i sigurnosti \u201eDr. Franjo Tu\u0111man\u201c, <a href=\"mailto:tuskan.dorotea@gmail.com\">tuskan.dorotea@gmail.com<\/a>\u00a0<\/li>\n\n\n\n<li>Anamarija Jengi\u0107-Bujan, Odvjetni\u010dki ured Anamarija Jengi\u0107-Bujan, <a href=\"mailto:anamarija.jengic@gmail.com\">anamarija.jengic@gmail.com<\/a>\u00a0<\/li>\n\n\n\n<li>Eva Ru\u017ei\u0107, Sveu\u010dili\u0161te u Rijeci, Pravni fakultet, <a href=\"mailto:eva.ruzic@uniri.hr\">eva.ruzic@uniri.hr<\/a><\/li>\n<\/ul>\n\n<\/div>\n\t\t<\/div>\n\n<div class=\"wp-block-ub-content-toggle-accordion\" style=\"border-color: #f1f1f1;\" id=\"ub-content-toggle-panel-block-\">\n\t\t\t<div class=\"wp-block-ub-content-toggle-accordion-title-wrap\" style=\"background-color: #f1f1f1;\" aria-controls=\"ub-content-toggle-panel-3-19bd5ef1-1cf7-4742-97cb-8007a9e893f1\" tabindex=\"0\">\n\t\t\t<p class=\"wp-block-ub-content-toggle-accordion-title ub-content-toggle-title-19bd5ef1-1cf7-4742-97cb-8007a9e893f1\" style=\"color: #000000; \">Project Description<\/p>\n\t\t\t<div class=\"wp-block-ub-content-toggle-accordion-toggle-wrap right\" style=\"color: #000000;\"><span class=\"wp-block-ub-content-toggle-accordion-state-indicator wp-block-ub-chevron-down\"><\/span><\/div>\n\t\t<\/div>\n\t\t\t<div role=\"region\" aria-expanded=\"false\" class=\"wp-block-ub-content-toggle-accordion-content-wrap ub-hide\" id=\"ub-content-toggle-panel-3-19bd5ef1-1cf7-4742-97cb-8007a9e893f1\">\n\n<p>The project Legal and Ethical Implications of the Dehumanisation of the Justice and Public Administration through Legal Technology focuses on analysing how digital solutions, such as automated process management and decision-making systems, as well as algorithmic support, are altering the fundamental characteristics of private law and administrative proceedings in the Republic of Croatia. At the core of the research lies the concept of dehumanisation, or the loss of humanity (human judgment, empathy, and the contextual and personal individualization of procedures), as a potential consequence of digital transition. Although technology brings multiple positive effects (e.g., efficiency and transparency), its unwise and hasty may application may pose significant legal and ethical risks. The project acknowledges that dehumanization occurs not only through fully automated decisions, but also subtly, through changes in power dynamics, depersonalisation of communication, and the weakening of stakeholder accountability.<br>Through five work packages, the research will encompass mapping the state of legal technology in Croatia, qualitative analysis of institutional practices in Croatia, focus groups and interviews with stakeholders (judges, lawyers, civil servants), normative analysis of domestic and European legislation, and an ethical elaboration of the conceptual framework of dehumanisation. Based on the insights gained, specific guidelines will be developed for the legally grounded and ethically acceptable implementation of legal technology, as well as proposals for normative improvements to the regulatory framework in Croatia, along with related practical tools that will be made available on the project\u2019s website and presented at a public workshop.<br>The innovative aspect of the project lies in the integration of legal and ethical analysis with empirical insights from practice, thus surpassing solely normative approaches. Its scientific and societal contribution is reflected in the articulation of a systematic response to the challenges posed by digital transformation for institutions that rely on trust, human integrity, and fair decision-making.<\/p>\n\n\n\n<h3 class=\"wp-block-heading\">Project goals:<\/h3>\n\n\n\n<ul class=\"wp-block-list\">\n<li>Map the state of current use of legal technology in the Croatian judiciary and public administration.<\/li>\n\n\n\n<li>Analyse the legal and ethical challenges that the application of legal technology brings in the context of the Croatian judiciary and public administration.<\/li>\n\n\n\n<li>Investigate the ways in which decision-automation can lead to the dehumanisation of legal and administrative procedures.<\/li>\n\n\n\n<li>Identify concrete situations or patterns of dehumanization in Croatian practice of digitalising the judiciary and public administration.<\/li>\n\n\n\n<li>Critically evaluate the existing European legal and ethical framework for artificial intelligence in relation to the Croatian institutional context.<\/li>\n\n\n\n<li>Develop a proposal for guidelines for an ethically acceptable and legally grounded integration of technology into the Croatian judiciary and public administration.<\/li>\n<\/ul>\n\n\n\n<h3 class=\"wp-block-heading\">Expected results:<\/h3>\n\n\n\n<ul class=\"wp-block-list\">\n<li>The research findings offer a contribution to the scientific debate by recognising and conceptualising patterns of dehumanisation, identifying regulatory gaps in the Croatian framework, and proposing guidelines for an ethically acceptable integration of legal technology into the Croatian legal system, while preserving the legal principles on which it is founded, as well as the fundamental rights of citizens and legal entities.<\/li>\n<\/ul>\n\n\n\n<h3 class=\"wp-block-heading\">Key words:<\/h3>\n\n\n\n<ul class=\"wp-block-list\">\n<li>law, ethics, digital transition, artificial intelligence, dehumanisation<\/li>\n<\/ul>\n\n<\/div>\n\t\t<\/div>\n\n<div class=\"wp-block-ub-content-toggle-accordion\" style=\"border-color: #f1f1f1;\" id=\"ub-content-toggle-panel-block-\">\n\t\t\t<div class=\"wp-block-ub-content-toggle-accordion-title-wrap\" style=\"background-color: #f1f1f1;\" aria-controls=\"ub-content-toggle-panel-4-19bd5ef1-1cf7-4742-97cb-8007a9e893f1\" tabindex=\"0\">\n\t\t\t<p class=\"wp-block-ub-content-toggle-accordion-title ub-content-toggle-title-19bd5ef1-1cf7-4742-97cb-8007a9e893f1\" style=\"color: #000000; \">Project Results<\/p>\n\t\t\t<div class=\"wp-block-ub-content-toggle-accordion-toggle-wrap right\" style=\"color: #000000;\"><span class=\"wp-block-ub-content-toggle-accordion-state-indicator wp-block-ub-chevron-down\"><\/span><\/div>\n\t\t<\/div>\n\t\t\t<div role=\"region\" aria-expanded=\"false\" class=\"wp-block-ub-content-toggle-accordion-content-wrap ub-hide\" id=\"ub-content-toggle-panel-4-19bd5ef1-1cf7-4742-97cb-8007a9e893f1\">\n\n<p class=\"has-text-align-center\"><strong><a href=\"https:\/\/www.croris.hr\/projekti\/projekt\/15270\" target=\"_blank\" rel=\"noreferrer noopener\">Link to the CroRis Project Webpage<\/a><\/strong><\/p>\n\n\n\n<h3 class=\"wp-block-heading\">Publications:<\/h3>\n\n\n\n<ul class=\"wp-block-list\">\n<li>Ivana Kunda and Denis Baghrizabehi, <strong>AI and Courts in Central Europe: Croatia and Slovenia<\/strong>, in: Monika Zalnieriute and Agne Limante (eds.), <a href=\"https:\/\/www.cambridge.org\/km\/universitypress\/subjects\/law\/e-commerce-law\/cambridge-handbook-ai-and-technologies-courts?format=HB&amp;isbn=9781009744201#about-the-authors\" target=\"_blank\" rel=\"noreferrer noopener\">The Cambridge Handbook of AI and Technologies in Courts<\/a>, Cambridge University Press, 2026.<\/li>\n\n\n\n<li>Loris Belani\u0107 and Josip De\u0161i\u0107, <strong><a href=\"https:\/\/hrcak.srce.hr\/file\/499755\" target=\"_blank\" rel=\"noreferrer noopener\">Artificial intelligence in Digital Transformation of the Land Registration Procedures: Between Efficiency and Legal Certainty<\/a><\/strong>, Collected Papers of the Faculty of Law of the University of Rijeka, vol. 47, no. 1, 2026, pp. 375-396. <\/li>\n<\/ul>\n\n\n\n<figure class=\"wp-block-image size-full is-resized\"><img fetchpriority=\"high\" decoding=\"async\" width=\"634\" height=\"317\" src=\"https:\/\/pravri.uniri.hr\/wp-content\/uploads\/2026\/04\/image-5.png\" alt=\"\" class=\"wp-image-16999\" style=\"width:427px;height:auto\" srcset=\"https:\/\/pravri.uniri.hr\/wp-content\/uploads\/2026\/04\/image-5.png 634w, https:\/\/pravri.uniri.hr\/wp-content\/uploads\/2026\/04\/image-5-300x150.png 300w\" sizes=\"(max-width: 634px) 100vw, 634px\" \/><\/figure>\n\n\n\n<h3 class=\"wp-block-heading\">Conference organisation:<\/h3>\n\n\n\n<ul class=\"wp-block-list\">\n<li>9th International Scientific Conference Petar \u0160ar\u010devi\u0107 \u201c<strong><a href=\"https:\/\/pravri.uniri.hr\/en\/dogadjanja\/9th-international-scientific-conference-petar-sarcevic-automated-vehicles-at-the-crossroads-law-policy-and-deployment-in-transition\/\" target=\"_blank\" rel=\"noreferrer noopener\">Automated Vehicles at the Crossroads: Law, Policy and Deployment in Transition<\/a><\/strong>\u201d, organiser: Faculty of Law in Rijeka, 13 and 14 November 2025, Rijeka (Croatia)<\/li>\n<\/ul>\n\n\n\n<h3 class=\"wp-block-heading\">Conference presentation:<\/h3>\n\n\n\n<ul class=\"wp-block-list\">\n<li>Loris Belani\u0107 and Josip De\u0161i\u0107, <strong>Artificial intelligence and Digital Transformation of the Land Registration Procedures: Between Efficiency and Legal Security<\/strong>, <a href=\"https:\/\/pravri.uniri.hr\/wp-content\/uploads\/2026\/03\/vop-32-program-3.pdf\" target=\"_blank\" rel=\"noreferrer noopener\">32nd international law conference &#8220;Petar Simonetti&#8221; (ownership &#8211; obligations &#8211; procedure)<\/a>, organiser: Faculty of Law in Rijeka, 15-17 April 2026, Pore\u010d (Croatia)<\/li>\n\n\n\n<li>Jasmina Mutab\u017eija, <strong>Beyond Safety: The Case for Normative Legal Intervention in Ethical Decision-Making of Autonomous Vehicles<\/strong>, 9th International Scientific Conference Petar \u0160ar\u010devi\u0107 \u201c<a href=\"https:\/\/pravri.uniri.hr\/en\/dogadjanja\/9th-international-scientific-conference-petar-sarcevic-automated-vehicles-at-the-crossroads-law-policy-and-deployment-in-transition\/\" target=\"_blank\" rel=\"noreferrer noopener\">Automated Vehicles at the Crossroads: Law, Policy and Deployment in Transition<\/a>\u201d, organiser: Faculty of Law in Rijeka, 13 and 14 November 2025, Faculty of Law in Rijeka, Rijeka (Croatia)<\/li>\n<\/ul>\n\n\n\n<div data-wp-interactive=\"core\/file\" class=\"wp-block-file\"><object data-wp-bind--hidden=\"!state.hasPdfPreview\" hidden class=\"wp-block-file__embed\" data=\"https:\/\/pravri.uniri.hr\/wp-content\/uploads\/2026\/04\/PS9.JasminaMutabzija-BeyondSafety.pdf\" type=\"application\/pdf\" style=\"width:100%;height:450px\" aria-label=\"Embed of PS9.JasminaMutabzija-BeyondSafety.\"><\/object><a id=\"wp-block-file--media-6db5f6bc-b658-45c6-b759-08967a4ad23c\" href=\"https:\/\/pravri.uniri.hr\/wp-content\/uploads\/2026\/04\/PS9.JasminaMutabzija-BeyondSafety.pdf\">PS9.JasminaMutabzija-BeyondSafety<\/a><a href=\"https:\/\/pravri.uniri.hr\/wp-content\/uploads\/2026\/04\/PS9.JasminaMutabzija-BeyondSafety.pdf\" class=\"wp-block-file__button wp-element-button\" download aria-describedby=\"wp-block-file--media-6db5f6bc-b658-45c6-b759-08967a4ad23c\">Preuzmi<\/a><\/div>\n\n\n\n<ul class=\"wp-block-list\">\n<li>Ivana Kunda, <strong>Who Do We Trust When No One Is Driving? Rethinking Trustworthiness in Automated Vehicles<\/strong>, 9th International Scientific Conference Petar \u0160ar\u010devi\u0107 \u201c<a href=\"https:\/\/pravri.uniri.hr\/en\/dogadjanja\/9th-international-scientific-conference-petar-sarcevic-automated-vehicles-at-the-crossroads-law-policy-and-deployment-in-transition\/\" target=\"_blank\" rel=\"noreferrer noopener\">Automated Vehicles at the Crossroads: Law, Policy and Deployment in Transition<\/a>\u201d, organiser: Faculty of Law in Rijeka, 13 and 14 November 2025, Rijeka (Croatia)<\/li>\n<\/ul>\n\n\n\n<div data-wp-interactive=\"core\/file\" class=\"wp-block-file\"><object data-wp-bind--hidden=\"!state.hasPdfPreview\" hidden class=\"wp-block-file__embed\" data=\"https:\/\/pravri.uniri.hr\/wp-content\/uploads\/2026\/04\/PS9-Kunda.pdf\" type=\"application\/pdf\" style=\"width:100%;height:600px\" aria-label=\"Embed of PS9-Kunda.\"><\/object><a id=\"wp-block-file--media-fb0f9c71-afe2-4649-9fe6-68c389362d8a\" href=\"https:\/\/pravri.uniri.hr\/wp-content\/uploads\/2026\/04\/PS9-Kunda.pdf\">PS9-Kunda<\/a><a href=\"https:\/\/pravri.uniri.hr\/wp-content\/uploads\/2026\/04\/PS9-Kunda.pdf\" class=\"wp-block-file__button wp-element-button\" download aria-describedby=\"wp-block-file--media-fb0f9c71-afe2-4649-9fe6-68c389362d8a\">Preuzmi<\/a><\/div>\n\n\n\n<h3 class=\"wp-block-heading\">Popularisation activity:<\/h3>\n\n\n\n<ul class=\"wp-block-list\">\n<li>Ivana Kunda, panel discussion <strong>Law, Ethics and Artificial Intelligence<\/strong>, within the event <a href=\"https:\/\/ri-expo.org\/\" target=\"_blank\" rel=\"noreferrer noopener\">Ri.Tech Expo \u2013 Fair of new Technologies and Knowledge<\/a>, 24 April 2026, Exportdrvo, Rijeka (Croatia) <\/li>\n<\/ul>\n\n\n\n<figure class=\"wp-block-gallery has-nested-images columns-default is-cropped wp-block-gallery-1 is-layout-flex wp-block-gallery-is-layout-flex\">\n<figure class=\"wp-block-image size-large\"><img decoding=\"async\" width=\"1024\" height=\"480\" data-id=\"16912\" src=\"https:\/\/pravri.uniri.hr\/wp-content\/uploads\/2026\/04\/RiTechExpo2026-04-24c-1024x480.jpg\" alt=\"\" class=\"wp-image-16912\" srcset=\"https:\/\/pravri.uniri.hr\/wp-content\/uploads\/2026\/04\/RiTechExpo2026-04-24c-1024x480.jpg 1024w, https:\/\/pravri.uniri.hr\/wp-content\/uploads\/2026\/04\/RiTechExpo2026-04-24c-300x141.jpg 300w, https:\/\/pravri.uniri.hr\/wp-content\/uploads\/2026\/04\/RiTechExpo2026-04-24c-768x360.jpg 768w, https:\/\/pravri.uniri.hr\/wp-content\/uploads\/2026\/04\/RiTechExpo2026-04-24c-1536x721.jpg 1536w, https:\/\/pravri.uniri.hr\/wp-content\/uploads\/2026\/04\/RiTechExpo2026-04-24c.jpg 1899w\" sizes=\"(max-width: 1024px) 100vw, 1024px\" \/><\/figure>\n\n\n\n<figure class=\"wp-block-image size-large\"><img loading=\"lazy\" decoding=\"async\" width=\"1024\" height=\"524\" data-id=\"16908\" src=\"https:\/\/pravri.uniri.hr\/wp-content\/uploads\/2026\/04\/RiTechExpo2026-04-24a-1024x524.jpg\" alt=\"\" class=\"wp-image-16908\" srcset=\"https:\/\/pravri.uniri.hr\/wp-content\/uploads\/2026\/04\/RiTechExpo2026-04-24a-1024x524.jpg 1024w, https:\/\/pravri.uniri.hr\/wp-content\/uploads\/2026\/04\/RiTechExpo2026-04-24a-300x154.jpg 300w, https:\/\/pravri.uniri.hr\/wp-content\/uploads\/2026\/04\/RiTechExpo2026-04-24a-768x393.jpg 768w, https:\/\/pravri.uniri.hr\/wp-content\/uploads\/2026\/04\/RiTechExpo2026-04-24a-1536x786.jpg 1536w, https:\/\/pravri.uniri.hr\/wp-content\/uploads\/2026\/04\/RiTechExpo2026-04-24a.jpg 1600w\" sizes=\"(max-width: 1024px) 100vw, 1024px\" \/><\/figure>\n<\/figure>\n\n\n\n<ul class=\"wp-block-list\">\n<li>Ivana Kunda, panel <strong>New Plan for the Tech Sector: Smart Reform or Risky Deregulation?<\/strong>, organisers: <a href=\"https:\/\/www.linkedin.com\/company\/croai\/\">CroAI (Croatian AI Association)<\/a> and <a href=\"https:\/\/porin.hr\/croai-legal-club-u-rijeci-otvorio-raspravu-o-buducnosti-europske-digitalne-regulacije\/\" target=\"_blank\" rel=\"noreferrer noopener\">Rije\u010dka razvojna agencija Porin<\/a>, 4 March 2026, Sinergana, Rijeka (Croatia).<\/li>\n<\/ul>\n\n\n\n<figure class=\"wp-block-image size-full is-resized\"><img loading=\"lazy\" decoding=\"async\" width=\"800\" height=\"1000\" src=\"https:\/\/pravri.uniri.hr\/wp-content\/uploads\/2026\/04\/image-2.png\" alt=\"\" class=\"wp-image-16887\" style=\"width:359px;height:auto\" srcset=\"https:\/\/pravri.uniri.hr\/wp-content\/uploads\/2026\/04\/image-2.png 800w, https:\/\/pravri.uniri.hr\/wp-content\/uploads\/2026\/04\/image-2-240x300.png 240w, https:\/\/pravri.uniri.hr\/wp-content\/uploads\/2026\/04\/image-2-768x960.png 768w\" sizes=\"(max-width: 800px) 100vw, 800px\" \/><\/figure>\n\n\n\n<h3 class=\"wp-block-heading\">Media and Other:<\/h3>\n\n\n\n<ul class=\"wp-block-list\">\n<li>Intervju Ivane Kunde za Novi list, 21. velja\u010de 2026., <strong><a href=\"https:\/\/www.novilist.hr\/novosti\/hrvatska\/sto-donosi-digitalni-omnibus-posljedice-po-nasa-prava-mogu-biti-znacajne\/\" target=\"_blank\" rel=\"noreferrer noopener\">\u0160to donosi Digitalni omnibus? Posljedice po na\u0161a prava mogu biti zna\u010dajne <\/a><\/strong>(autorica: Olga Monika Men\u010dik).<\/li>\n<\/ul>\n\n\n\n<figure class=\"wp-block-image size-large is-resized\"><img loading=\"lazy\" decoding=\"async\" width=\"1024\" height=\"679\" src=\"https:\/\/pravri.uniri.hr\/wp-content\/uploads\/2026\/04\/image-3-1024x679.png\" alt=\"\" class=\"wp-image-16953\" style=\"width:365px;height:auto\" srcset=\"https:\/\/pravri.uniri.hr\/wp-content\/uploads\/2026\/04\/image-3-1024x679.png 1024w, https:\/\/pravri.uniri.hr\/wp-content\/uploads\/2026\/04\/image-3-300x199.png 300w, https:\/\/pravri.uniri.hr\/wp-content\/uploads\/2026\/04\/image-3-768x509.png 768w, https:\/\/pravri.uniri.hr\/wp-content\/uploads\/2026\/04\/image-3.png 1356w\" sizes=\"(max-width: 1024px) 100vw, 1024px\" \/><\/figure>\n\n\n\n<p><\/p>\n\n\n\n<p><\/p>\n\n<\/div>\n\t\t<\/div>\n<\/div>","protected":false},"excerpt":{"rendered":"","protected":false},"author":10,"featured_media":13898,"parent":8994,"menu_order":0,"comment_status":"closed","ping_status":"closed","template":"","meta":{"_acf_changed":false,"ub_ctt_via":"","footnotes":""},"class_list":["post-13903","page","type-page","status-publish","has-post-thumbnail","hentry"],"acf":[],"featured_image_src":"https:\/\/pravri.uniri.hr\/wp-content\/uploads\/2025\/11\/techno_ius_1929_v2.jpg","_links":{"self":[{"href":"https:\/\/pravri.uniri.hr\/en\/wp-json\/wp\/v2\/pages\/13903","targetHints":{"allow":["GET"]}}],"collection":[{"href":"https:\/\/pravri.uniri.hr\/en\/wp-json\/wp\/v2\/pages"}],"about":[{"href":"https:\/\/pravri.uniri.hr\/en\/wp-json\/wp\/v2\/types\/page"}],"author":[{"embeddable":true,"href":"https:\/\/pravri.uniri.hr\/en\/wp-json\/wp\/v2\/users\/10"}],"replies":[{"embeddable":true,"href":"https:\/\/pravri.uniri.hr\/en\/wp-json\/wp\/v2\/comments?post=13903"}],"version-history":[{"count":45,"href":"https:\/\/pravri.uniri.hr\/en\/wp-json\/wp\/v2\/pages\/13903\/revisions"}],"predecessor-version":[{"id":17006,"href":"https:\/\/pravri.uniri.hr\/en\/wp-json\/wp\/v2\/pages\/13903\/revisions\/17006"}],"up":[{"embeddable":true,"href":"https:\/\/pravri.uniri.hr\/en\/wp-json\/wp\/v2\/pages\/8994"}],"wp:featuredmedia":[{"embeddable":true,"href":"https:\/\/pravri.uniri.hr\/en\/wp-json\/wp\/v2\/media\/13898"}],"wp:attachment":[{"href":"https:\/\/pravri.uniri.hr\/en\/wp-json\/wp\/v2\/media?parent=13903"}],"curies":[{"name":"wp","href":"https:\/\/api.w.org\/{rel}","templated":true}]}}