{"id":14119,"date":"2025-11-19T10:48:58","date_gmt":"2025-11-19T10:48:58","guid":{"rendered":"https:\/\/pravri.uniri.hr\/?page_id=14119"},"modified":"2025-12-10T11:11:05","modified_gmt":"2025-12-10T11:11:05","slug":"state-and-legal-traditions-of-the-northern-adriatic-through-european-influences-and-digital-historiography","status":"publish","type":"page","link":"https:\/\/pravri.uniri.hr\/en\/project\/state-and-legal-traditions-of-the-northern-adriatic-through-european-influences-and-digital-historiography\/","title":{"rendered":"State and Legal Traditions of the Northern Adriatic Through European Influences and Digital Historiography"},"content":{"rendered":"<div class=\"wp-block-ub-content-toggle wp-block-ub-content-toggle-block\" id=\"ub-content-toggle-block-c1d5728a-4677-4067-9f3e-4c9d8c7ed8a0\" data-mobilecollapse=\"true\" data-desktopcollapse=\"true\" data-preventcollapse=\"false\" data-showonlyone=\"false\">\n<div class=\"wp-block-ub-content-toggle-accordion\" style=\"border-color: #f1f1f1;\" id=\"ub-content-toggle-panel-block-\">\n\t\t\t<div class=\"wp-block-ub-content-toggle-accordion-title-wrap\" style=\"background-color: #f1f1f1;\" aria-controls=\"ub-content-toggle-panel-0-c1d5728a-4677-4067-9f3e-4c9d8c7ed8a0\" tabindex=\"0\">\n\t\t\t<p class=\"wp-block-ub-content-toggle-accordion-title ub-content-toggle-title-c1d5728a-4677-4067-9f3e-4c9d8c7ed8a0\" style=\"color: #000000; \">About the Project<\/p>\n\t\t\t<div class=\"wp-block-ub-content-toggle-accordion-toggle-wrap right\" style=\"color: #000000;\"><span class=\"wp-block-ub-content-toggle-accordion-state-indicator wp-block-ub-chevron-down\"><\/span><\/div>\n\t\t<\/div>\n\t\t\t<div role=\"region\" aria-expanded=\"false\" class=\"wp-block-ub-content-toggle-accordion-content-wrap ub-hide\" id=\"ub-content-toggle-panel-0-c1d5728a-4677-4067-9f3e-4c9d8c7ed8a0\">\n\n<p><strong>Project title<\/strong>: State and Legal Traditions of the Northern Adriatic Through European Influences and Digital Historiography<br><strong>Project acronym<\/strong>: HIDI (HIstoriographia DIgitalis)<br><strong>Project number<\/strong>: uniri-mzi-25-212<br><strong>Project financing<\/strong>: European Union \u2013 NextGenerationEU<br><strong>Project duration<\/strong>: 1 October 2025 \u2013 30 September 2029<br><strong>Total value of the project (EUR)<\/strong>: 40.331,27<br><strong>Legal disclaimer<\/strong>: The project is financed by the European Union \u2013 NextGenerationEU. The views and opinions expressed are solely those of the author and do not necessarily reflect the official position of the European Union or the European Commission. Neither the European Union nor the European Commission can be held responsible for them.<\/p>\n\n\n\n<figure class=\"wp-block-image aligncenter size-medium\"><img decoding=\"async\" width=\"300\" height=\"90\" src=\"https:\/\/pravri.uniri.hr\/wp-content\/uploads\/2025\/11\/funded_eu-300x90.png\" alt=\"\" class=\"wp-image-13919\" srcset=\"https:\/\/pravri.uniri.hr\/wp-content\/uploads\/2025\/11\/funded_eu-300x90.png 300w, https:\/\/pravri.uniri.hr\/wp-content\/uploads\/2025\/11\/funded_eu.png 411w\" sizes=\"(max-width: 300px) 100vw, 300px\" \/><\/figure>\n\n<\/div>\n\t\t<\/div>\n\n<div class=\"wp-block-ub-content-toggle-accordion\" style=\"border-color: #f1f1f1;\" id=\"ub-content-toggle-panel-block-\">\n\t\t\t<div class=\"wp-block-ub-content-toggle-accordion-title-wrap\" style=\"background-color: #f1f1f1;\" aria-controls=\"ub-content-toggle-panel-1-c1d5728a-4677-4067-9f3e-4c9d8c7ed8a0\" tabindex=\"0\">\n\t\t\t<p class=\"wp-block-ub-content-toggle-accordion-title ub-content-toggle-title-c1d5728a-4677-4067-9f3e-4c9d8c7ed8a0\" style=\"color: #000000; \">Project Leader<\/p>\n\t\t\t<div class=\"wp-block-ub-content-toggle-accordion-toggle-wrap right\" style=\"color: #000000;\"><span class=\"wp-block-ub-content-toggle-accordion-state-indicator wp-block-ub-chevron-down\"><\/span><\/div>\n\t\t<\/div>\n\t\t\t<div role=\"region\" aria-expanded=\"false\" class=\"wp-block-ub-content-toggle-accordion-content-wrap ub-hide\" id=\"ub-content-toggle-panel-1-c1d5728a-4677-4067-9f3e-4c9d8c7ed8a0\">\n\n<p><strong>Name and surname<\/strong>: Prof. Dr. \u017deljko Bartulovi\u0107<br><strong>E-mail<\/strong>: <a href=\"mailto:zeljko.bartulovic@pravri.uniri.hr\">zeljko.bartulovic@pravri.uniri.hr<\/a><\/p>\n\n<\/div>\n\t\t<\/div>\n\n<div class=\"wp-block-ub-content-toggle-accordion\" style=\"border-color: #f1f1f1;\" id=\"ub-content-toggle-panel-block-\">\n\t\t\t<div class=\"wp-block-ub-content-toggle-accordion-title-wrap\" style=\"background-color: #f1f1f1;\" aria-controls=\"ub-content-toggle-panel-2-c1d5728a-4677-4067-9f3e-4c9d8c7ed8a0\" tabindex=\"0\">\n\t\t\t<p class=\"wp-block-ub-content-toggle-accordion-title ub-content-toggle-title-c1d5728a-4677-4067-9f3e-4c9d8c7ed8a0\" style=\"color: #000000; \">Project Team Members<\/p>\n\t\t\t<div class=\"wp-block-ub-content-toggle-accordion-toggle-wrap right\" style=\"color: #000000;\"><span class=\"wp-block-ub-content-toggle-accordion-state-indicator wp-block-ub-chevron-down\"><\/span><\/div>\n\t\t<\/div>\n\t\t\t<div role=\"region\" aria-expanded=\"false\" class=\"wp-block-ub-content-toggle-accordion-content-wrap ub-hide\" id=\"ub-content-toggle-panel-2-c1d5728a-4677-4067-9f3e-4c9d8c7ed8a0\">\n\n<ul class=\"wp-block-list\">\n<li>Assoc. Prof. Ines Mati\u0107 Mate\u0161kovi\u0107, <a href=\"mailto:ines.matic@pravri.uniri.hr\">ines.matic@pravri.uniri.hr<\/a>\u00a0<\/li>\n\n\n\n<li>Prof. Dr. Budislav Vukas, <a href=\"mailto:budislav.vukas@pravri.uniri.hr\">budislav.vukas@pravri.uniri.hr<\/a>\u00a0<\/li>\n\n\n\n<li>Dr. Maja Poli\u0107, <a href=\"mailto:polic@hazu.hr\">polic@hazu.hr<\/a>\u00a0<\/li>\n\n\n\n<li>Prof. Dr. Marko Kambi\u010d, <a href=\"mailto:Marko.Kambic@pf.uni-lj.si\">Marko.Kambic@pf.uni-lj.si<\/a><\/li>\n<\/ul>\n\n\n\n<p><strong>Doctoral students:<\/strong><\/p>\n\n\n\n<ul class=\"wp-block-list\">\n<li>Luka Nalis, <a href=\"mailto:luka.nalis@pravri.uniri.hr\">luka.nalis@pravri.uniri.hr<\/a><\/li>\n<\/ul>\n\n<\/div>\n\t\t<\/div>\n\n<div class=\"wp-block-ub-content-toggle-accordion\" style=\"border-color: #f1f1f1;\" id=\"ub-content-toggle-panel-block-\">\n\t\t\t<div class=\"wp-block-ub-content-toggle-accordion-title-wrap\" style=\"background-color: #f1f1f1;\" aria-controls=\"ub-content-toggle-panel-3-c1d5728a-4677-4067-9f3e-4c9d8c7ed8a0\" tabindex=\"0\">\n\t\t\t<p class=\"wp-block-ub-content-toggle-accordion-title ub-content-toggle-title-c1d5728a-4677-4067-9f3e-4c9d8c7ed8a0\" style=\"color: #000000; \">Project Description<\/p>\n\t\t\t<div class=\"wp-block-ub-content-toggle-accordion-toggle-wrap right\" style=\"color: #000000;\"><span class=\"wp-block-ub-content-toggle-accordion-state-indicator wp-block-ub-chevron-down\"><\/span><\/div>\n\t\t<\/div>\n\t\t\t<div role=\"region\" aria-expanded=\"false\" class=\"wp-block-ub-content-toggle-accordion-content-wrap ub-hide\" id=\"ub-content-toggle-panel-3-c1d5728a-4677-4067-9f3e-4c9d8c7ed8a0\">\n\n<p>The project focuses on the exploration of the development of legal and governmental structures in the Northern Adriatic region, spanning from antiquity and the Middle Ages to the 20th century. It integrates the analysis of European legal influences with the application of contemporary digital methods in the processing of historical sources. Although this area represents a significant crossroads of Roman, Venetian, Germanic, and Slavic legal heritage, the legal traditions of the Northern Adriatic remain underexplored within the context of European legal history, particularly with regard to their continuity, hybridity, and regional specificity. The motivation for this research stems from the need for a systematic analysis of legal sources that have shaped local administrative structures, social relations, and the international legal position of the region &#8211; sources which are often scattered, unpublished, or inaccessible to the broader academic community. Previous research has largely been fragmented and focused on isolated entities, lacking a comparative approach and thereby hindering a deeper understanding of the region&#8217;s legal identity and its place within the European legal tradition.<\/p>\n\n\n\n<p>The project brings together a team of experts from Croatia and Slovenia who, through the analysis of medieval statutes, the influence of Roman and Venetian law, international legal documents, and regional reforms from the 19th and 20th centuries, aim to reconstruct the legal dynamics of the region and shed light on the continuities and ruptures in its state and legal traditions. The research will also involve the digitisation and interpretation of original sources, the creation of a virtual collection, and the development of new methodological approaches within digital historiography, making key documents available to scholars for future research.<\/p>\n\n\n\n<p>The main goal of the project is to valorise and increase the visibility of the Northern Adriatic\u2019s legal heritage within a broader European context and to contribute to the understanding of the region\u2019s complex legal identities, shaped by multiple historical layers and transformations. In doing so, the project fosters interdisciplinary scientific collaboration and promotes cultural and legal dialogue in the region.<\/p>\n\n\n\n<h3 class=\"wp-block-heading\">Project goals:<\/h3>\n\n\n\n<ul class=\"wp-block-list\">\n<li>To analyze the state-legal traditions of the northern Adriatic, with an emphasis on their historical transformations, European legal influences, and local specificities.<\/li>\n\n\n\n<li>To digitize, transcribe, and process selected legal-historical materials with metadata.<\/li>\n\n\n\n<li>To create an open-access online platform as a virtual collection of legal-historical sources, enabling research, education, and the cultural valorization of the legal heritage of the northern Adriatic.<\/li>\n\n\n\n<li>To contribute to the development of digital historiography in legal sciences through the application of modern digital tools in the processing and interpretation of legal-historical sources.<\/li>\n<\/ul>\n\n\n\n<h3 class=\"wp-block-heading\">Expected results:<\/h3>\n\n\n\n<ul class=\"wp-block-list\">\n<li>The main goal of the project is the valorization and visibility of the legal heritage of the northern Adriatic within a broader European context, as well as the contribution to understanding the complex legal identities of a region marked by multiple influences and transformations. In doing so, the project strengthens interdisciplinary scientific collaboration and promotes cultural-legal dialogue in the region.<\/li>\n<\/ul>\n\n\n\n<h3 class=\"wp-block-heading\">Key words:<\/h3>\n\n\n\n<ul class=\"wp-block-list\">\n<li>Northern Adriatic, digital historiography, Roman law, medieval law<\/li>\n<\/ul>\n\n<\/div>\n\t\t<\/div>\n\n<div class=\"wp-block-ub-content-toggle-accordion\" style=\"border-color: #f1f1f1;\" id=\"ub-content-toggle-panel-block-\">\n\t\t\t<div class=\"wp-block-ub-content-toggle-accordion-title-wrap\" style=\"background-color: #f1f1f1;\" aria-controls=\"ub-content-toggle-panel-4-c1d5728a-4677-4067-9f3e-4c9d8c7ed8a0\" tabindex=\"0\">\n\t\t\t<p class=\"wp-block-ub-content-toggle-accordion-title ub-content-toggle-title-c1d5728a-4677-4067-9f3e-4c9d8c7ed8a0\" style=\"color: #000000; \">Project Results<\/p>\n\t\t\t<div class=\"wp-block-ub-content-toggle-accordion-toggle-wrap right\" style=\"color: #000000;\"><span class=\"wp-block-ub-content-toggle-accordion-state-indicator wp-block-ub-chevron-down\"><\/span><\/div>\n\t\t<\/div>\n\t\t\t<div role=\"region\" aria-expanded=\"false\" class=\"wp-block-ub-content-toggle-accordion-content-wrap ub-hide\" id=\"ub-content-toggle-panel-4-c1d5728a-4677-4067-9f3e-4c9d8c7ed8a0\">\n\n<p><\/p>\n\n<\/div>\n\t\t<\/div>\n<\/div>","protected":false},"excerpt":{"rendered":"","protected":false},"author":10,"featured_media":13783,"parent":8994,"menu_order":0,"comment_status":"closed","ping_status":"closed","template":"","meta":{"_acf_changed":false,"ub_ctt_via":"","footnotes":""},"class_list":["post-14119","page","type-page","status-publish","has-post-thumbnail","hentry"],"acf":[],"featured_image_src":"https:\/\/pravri.uniri.hr\/wp-content\/uploads\/2025\/11\/hidi_logo-1920.jpg","_links":{"self":[{"href":"https:\/\/pravri.uniri.hr\/en\/wp-json\/wp\/v2\/pages\/14119","targetHints":{"allow":["GET"]}}],"collection":[{"href":"https:\/\/pravri.uniri.hr\/en\/wp-json\/wp\/v2\/pages"}],"about":[{"href":"https:\/\/pravri.uniri.hr\/en\/wp-json\/wp\/v2\/types\/page"}],"author":[{"embeddable":true,"href":"https:\/\/pravri.uniri.hr\/en\/wp-json\/wp\/v2\/users\/10"}],"replies":[{"embeddable":true,"href":"https:\/\/pravri.uniri.hr\/en\/wp-json\/wp\/v2\/comments?post=14119"}],"version-history":[{"count":5,"href":"https:\/\/pravri.uniri.hr\/en\/wp-json\/wp\/v2\/pages\/14119\/revisions"}],"predecessor-version":[{"id":14130,"href":"https:\/\/pravri.uniri.hr\/en\/wp-json\/wp\/v2\/pages\/14119\/revisions\/14130"}],"up":[{"embeddable":true,"href":"https:\/\/pravri.uniri.hr\/en\/wp-json\/wp\/v2\/pages\/8994"}],"wp:featuredmedia":[{"embeddable":true,"href":"https:\/\/pravri.uniri.hr\/en\/wp-json\/wp\/v2\/media\/13783"}],"wp:attachment":[{"href":"https:\/\/pravri.uniri.hr\/en\/wp-json\/wp\/v2\/media?parent=14119"}],"curies":[{"name":"wp","href":"https:\/\/api.w.org\/{rel}","templated":true}]}}