{"id":14132,"date":"2025-11-20T09:12:10","date_gmt":"2025-11-20T09:12:10","guid":{"rendered":"https:\/\/pravri.uniri.hr\/?page_id=14132"},"modified":"2025-12-10T11:27:31","modified_gmt":"2025-12-10T11:27:31","slug":"existing-anthropogenic-protection-of-convention-rights-as-a-chilling-effect","status":"publish","type":"page","link":"https:\/\/pravri.uniri.hr\/en\/project\/existing-anthropogenic-protection-of-convention-rights-as-a-chilling-effect\/","title":{"rendered":"Existing Anthropogenic Protection of Convention Rights as a Chilling Effect"},"content":{"rendered":"<div class=\"wp-block-ub-content-toggle wp-block-ub-content-toggle-block\" id=\"ub-content-toggle-block-fb181863-e553-403c-87fb-28441d4b6116\" data-mobilecollapse=\"true\" data-desktopcollapse=\"true\" data-preventcollapse=\"false\" data-showonlyone=\"false\">\n<div class=\"wp-block-ub-content-toggle-accordion\" style=\"border-color: #f1f1f1;\" id=\"ub-content-toggle-panel-block-\">\n\t\t\t<div class=\"wp-block-ub-content-toggle-accordion-title-wrap\" style=\"background-color: #f1f1f1;\" aria-controls=\"ub-content-toggle-panel-0-fb181863-e553-403c-87fb-28441d4b6116\" tabindex=\"0\">\n\t\t\t<p class=\"wp-block-ub-content-toggle-accordion-title ub-content-toggle-title-fb181863-e553-403c-87fb-28441d4b6116\" style=\"color: #000000; \">About the Project<\/p>\n\t\t\t<div class=\"wp-block-ub-content-toggle-accordion-toggle-wrap right\" style=\"color: #000000;\"><span class=\"wp-block-ub-content-toggle-accordion-state-indicator wp-block-ub-chevron-down\"><\/span><\/div>\n\t\t<\/div>\n\t\t\t<div role=\"region\" aria-expanded=\"false\" class=\"wp-block-ub-content-toggle-accordion-content-wrap ub-hide\" id=\"ub-content-toggle-panel-0-fb181863-e553-403c-87fb-28441d4b6116\">\n\n<p><strong>Project title<\/strong>: Existing Anthropogenic Protection of Convention Rights as a Chilling Effect<br><strong>Project acronym<\/strong>: ECHillR<br><strong>Project number<\/strong>: uniri-iz-25-69<br><strong>Project financing<\/strong>: European Union \u2013 NextGenerationEU<br><strong>Project duration<\/strong>: 1 October 2025 \u2013 30 September 2029<br><strong>Total value of the project (EUR)<\/strong>: 37.364,20<br><strong>Legal disclaimer<\/strong>: This project is funded by European Union \u2013 NextGenerationEU via the Croatian National Recovery and Resilience Plan 2021-2026, in conjunction with the University of Rijeka, Faculty of Law Programme Financing. The views and opinions expressed are solely those of the authors and do not necessarily reflect the official position of the European Union or the European Commission. Neither the European Union nor the European Commission can be held responsible for them.<\/p>\n\n\n\n<figure class=\"wp-block-image aligncenter size-medium\"><img decoding=\"async\" width=\"300\" height=\"90\" src=\"https:\/\/pravri.uniri.hr\/wp-content\/uploads\/2025\/11\/funded_eu-300x90.png\" alt=\"\" class=\"wp-image-13919\" srcset=\"https:\/\/pravri.uniri.hr\/wp-content\/uploads\/2025\/11\/funded_eu-300x90.png 300w, https:\/\/pravri.uniri.hr\/wp-content\/uploads\/2025\/11\/funded_eu.png 411w\" sizes=\"(max-width: 300px) 100vw, 300px\" \/><\/figure>\n\n<\/div>\n\t\t<\/div>\n\n<div class=\"wp-block-ub-content-toggle-accordion\" style=\"border-color: #f1f1f1;\" id=\"ub-content-toggle-panel-block-\">\n\t\t\t<div class=\"wp-block-ub-content-toggle-accordion-title-wrap\" style=\"background-color: #f1f1f1;\" aria-controls=\"ub-content-toggle-panel-1-fb181863-e553-403c-87fb-28441d4b6116\" tabindex=\"0\">\n\t\t\t<p class=\"wp-block-ub-content-toggle-accordion-title ub-content-toggle-title-fb181863-e553-403c-87fb-28441d4b6116\" style=\"color: #000000; \">Project Leader<\/p>\n\t\t\t<div class=\"wp-block-ub-content-toggle-accordion-toggle-wrap right\" style=\"color: #000000;\"><span class=\"wp-block-ub-content-toggle-accordion-state-indicator wp-block-ub-chevron-down\"><\/span><\/div>\n\t\t<\/div>\n\t\t\t<div role=\"region\" aria-expanded=\"false\" class=\"wp-block-ub-content-toggle-accordion-content-wrap ub-hide\" id=\"ub-content-toggle-panel-1-fb181863-e553-403c-87fb-28441d4b6116\">\n\n<p><strong>Name and surname<\/strong>: izv. prof. dr. sc. Sanja Grbi\u0107<br><strong>E-mail<\/strong>: <a href=\"mailto:sanja.grbic@pravri.uniri.hr\">sanja.grbic@pravri.uniri.hr<\/a><\/p>\n\n<\/div>\n\t\t<\/div>\n\n<div class=\"wp-block-ub-content-toggle-accordion\" style=\"border-color: #f1f1f1;\" id=\"ub-content-toggle-panel-block-\">\n\t\t\t<div class=\"wp-block-ub-content-toggle-accordion-title-wrap\" style=\"background-color: #f1f1f1;\" aria-controls=\"ub-content-toggle-panel-2-fb181863-e553-403c-87fb-28441d4b6116\" tabindex=\"0\">\n\t\t\t<p class=\"wp-block-ub-content-toggle-accordion-title ub-content-toggle-title-fb181863-e553-403c-87fb-28441d4b6116\" style=\"color: #000000; \">Project Team Members<\/p>\n\t\t\t<div class=\"wp-block-ub-content-toggle-accordion-toggle-wrap right\" style=\"color: #000000;\"><span class=\"wp-block-ub-content-toggle-accordion-state-indicator wp-block-ub-chevron-down\"><\/span><\/div>\n\t\t<\/div>\n\t\t\t<div role=\"region\" aria-expanded=\"false\" class=\"wp-block-ub-content-toggle-accordion-content-wrap ub-hide\" id=\"ub-content-toggle-panel-2-fb181863-e553-403c-87fb-28441d4b6116\">\n\n<p>prof. dr. sc. Gabrijela Mihel\u010di\u0107, <a href=\"mailto:gabrijela.mihelcic@pravri.uniri.hr\">gabrijela.mihelcic@pravri.uniri.hr<\/a><br>prof. dr. sc. Loris Belani\u0107, <a href=\"mailto:loris.belanic@pravri.uniri.hr\">loris.belanic@pravri.uniri.hr<\/a><br>izv. prof., dr. sc. Dejan Bodul, <a href=\"mailto:dejan.bodul@pravri.uniri.hr\">dejan.bodul@pravri.uniri.hr<\/a><br>izv. prof. dr. sc. Ma\u0161a Marochini Zrinski, <a href=\"mailto:Masa_Marochini_Zrinski@usud.hr\">Masa_Marochini_Zrinski@usud.hr<\/a><br>izv. prof. dr. sc. Ana \u0110ani\u0107 \u010ceko, <a href=\"mailto:ana.djanic@pravos.hr\">ana.djanic@pravos.hr<\/a><br>Klara Babi\u0107 univ. mag. iur., <a href=\"mailto:kbabic@pravri.uniri.hr\">kbabic@pravri.uniri.hr<\/a><br>Martina Ti\u010di\u0107 univ. mag. iur., <a href=\"mailto:mticic@pravri.uniri.hr\">mticic@pravri.uniri.hr<\/a><br>Luka Brajkovi\u0107 univ. mag. iur., <a href=\"mailto:luka.brajkovic@pravri.uniri.hr\">luka.brajkovic@pravri.uniri.hr<\/a><\/p>\n\n<\/div>\n\t\t<\/div>\n\n<div class=\"wp-block-ub-content-toggle-accordion\" style=\"border-color: #f1f1f1;\" id=\"ub-content-toggle-panel-block-\">\n\t\t\t<div class=\"wp-block-ub-content-toggle-accordion-title-wrap\" style=\"background-color: #f1f1f1;\" aria-controls=\"ub-content-toggle-panel-3-fb181863-e553-403c-87fb-28441d4b6116\" tabindex=\"0\">\n\t\t\t<p class=\"wp-block-ub-content-toggle-accordion-title ub-content-toggle-title-fb181863-e553-403c-87fb-28441d4b6116\" style=\"color: #000000; \">Project Description<\/p>\n\t\t\t<div class=\"wp-block-ub-content-toggle-accordion-toggle-wrap right\" style=\"color: #000000;\"><span class=\"wp-block-ub-content-toggle-accordion-state-indicator wp-block-ub-chevron-down\"><\/span><\/div>\n\t\t<\/div>\n\t\t\t<div role=\"region\" aria-expanded=\"false\" class=\"wp-block-ub-content-toggle-accordion-content-wrap ub-hide\" id=\"ub-content-toggle-panel-3-fb181863-e553-403c-87fb-28441d4b6116\">\n\n<p>The term &#8220;chilling effect&#8221; within the ECHR refers to a situation in which certain state measures, although formally legal, have a discouraging effect on the exercise of fundamental rights and freedoms. The European Court of Human Rights (hereinafter: ECtHR) has frequently identified and condemned measures that can lead to such an effect, emphasizing that they can severely undermine the fundamental rights guaranteed by the ECHR. As a result, the ECtHR often analyzes not only the direct consequences of certain measures but also their potential &#8220;chilling&#8221; effect on society. States are obligated to provide legal certainty and safeguards to prevent such negative impacts on human rights. Therefore, the focus of the Project will be the identification and analysis of critical points that contribute to a deterrent effect, with an emphasis on the importance of protecting rights under the ECHR. This will be done with the aim of ensuring the effective protection of the right to live in a healthy urban environment, particularly for people of mature age.<\/p>\n\n\n\n<h3 class=\"wp-block-heading\">Project goals:<\/h3>\n\n\n\n<ul class=\"wp-block-list\">\n<li>To strengthen the effectiveness (efficiency) of the protection of the right to life in a healthy urban environment of people of mature age through scientifically and educationally oriented proactive engagement serving the public interest, which requires: 1. Identifying the \u201cporous\u201d points of the normative framework, the diverse modes of its interpretation in judicial practice, and gaining insight into the legal experiences of the so-called \u201cordinary person\u201d; 2. Critically analysing the existing national legal framework, identifying its shortcomings in comparison with European solutions through the case law of the ECtHR and national courts; 3. Examining the research findings in relation to the desired effectiveness (efficiency) of the protection of the right to life in a healthy urban environment of people of mature age.<\/li>\n<\/ul>\n\n\n\n<h3 class=\"wp-block-heading\">Expected results:<\/h3>\n\n\n\n<p>Through the project activities, the specialist knowledge of the project team members will be enhanced and made accessible to the teaching staff of the Faculty of Law in Rijeka, thereby positioning the Faculty as a strong institution competent to conduct future research on the protection of the right to life in a healthy urban environment and to participate in future project applications. Furthermore, education on the protection of the said right will be provided to:<\/p>\n\n\n\n<ul class=\"wp-block-list\">\n<li>Mentors from practice \/ alumni lawyers, in order to create a sustainable mentoring network of stakeholders from the professional sphere who, together with the project team members, will be long-term equipped to transfer knowledge to new generations of students providing legal aid to people of mature age after the conclusion of the Project, thereby strengthening the Faculty\u2019s role and its ties with the professional community and society at large;<\/li>\n\n\n\n<li>Representatives of associations \/ bodies of older persons, who will transfer the acquired knowledge to their members and recipients of legal aid, thus ensuring that, even after the conclusion of the Project, the strong cooperation between the Faculty and stakeholders within the system for the protection of users \/ people of mature age continues; and<\/li>\n\n\n\n<li>Student mentors (with the aim set out under point 1), who will further strengthen their skills and competences, enabling a higher-quality transfer of knowledge to students engaged in the provision of free legal aid.<\/li>\n<\/ul>\n\n\n\n<p>Through these measures, the Project\u2019s objectives will be achieved, the role of the Faculty within the community and its relations with stakeholders in the economy (the Bar Association and pensioners\u2019 associations) will be reinforced, cooperation with other scientific institutions and bodies at the national and international level will be strengthened, and the sustainability of the Project results will be ensured after its completion.<\/p>\n\n\n\n<h3 class=\"wp-block-heading\">Key words:<\/h3>\n\n\n\n<ul class=\"wp-block-list\">\n<li>Chilling Effect, European Convention for the Protection of Human Rights and Fundamental Freedoms, European Court of Human Rights, people of mature age<\/li>\n<\/ul>\n\n<\/div>\n\t\t<\/div>\n\n<div class=\"wp-block-ub-content-toggle-accordion\" style=\"border-color: #f1f1f1;\" id=\"ub-content-toggle-panel-block-\">\n\t\t\t<div class=\"wp-block-ub-content-toggle-accordion-title-wrap\" style=\"background-color: #f1f1f1;\" aria-controls=\"ub-content-toggle-panel-4-fb181863-e553-403c-87fb-28441d4b6116\" tabindex=\"0\">\n\t\t\t<p class=\"wp-block-ub-content-toggle-accordion-title ub-content-toggle-title-fb181863-e553-403c-87fb-28441d4b6116\" style=\"color: #000000; \">Project Results<\/p>\n\t\t\t<div class=\"wp-block-ub-content-toggle-accordion-toggle-wrap right\" style=\"color: #000000;\"><span class=\"wp-block-ub-content-toggle-accordion-state-indicator wp-block-ub-chevron-down\"><\/span><\/div>\n\t\t<\/div>\n\t\t\t<div role=\"region\" aria-expanded=\"false\" class=\"wp-block-ub-content-toggle-accordion-content-wrap ub-hide\" id=\"ub-content-toggle-panel-4-fb181863-e553-403c-87fb-28441d4b6116\">\n\n<p><\/p>\n\n<\/div>\n\t\t<\/div>\n<\/div>","protected":false},"excerpt":{"rendered":"","protected":false},"author":10,"featured_media":0,"parent":8994,"menu_order":0,"comment_status":"closed","ping_status":"closed","template":"","meta":{"_acf_changed":false,"ub_ctt_via":"","footnotes":""},"class_list":["post-14132","page","type-page","status-publish","hentry"],"acf":[],"featured_image_src":null,"_links":{"self":[{"href":"https:\/\/pravri.uniri.hr\/en\/wp-json\/wp\/v2\/pages\/14132","targetHints":{"allow":["GET"]}}],"collection":[{"href":"https:\/\/pravri.uniri.hr\/en\/wp-json\/wp\/v2\/pages"}],"about":[{"href":"https:\/\/pravri.uniri.hr\/en\/wp-json\/wp\/v2\/types\/page"}],"author":[{"embeddable":true,"href":"https:\/\/pravri.uniri.hr\/en\/wp-json\/wp\/v2\/users\/10"}],"replies":[{"embeddable":true,"href":"https:\/\/pravri.uniri.hr\/en\/wp-json\/wp\/v2\/comments?post=14132"}],"version-history":[{"count":2,"href":"https:\/\/pravri.uniri.hr\/en\/wp-json\/wp\/v2\/pages\/14132\/revisions"}],"predecessor-version":[{"id":14136,"href":"https:\/\/pravri.uniri.hr\/en\/wp-json\/wp\/v2\/pages\/14132\/revisions\/14136"}],"up":[{"embeddable":true,"href":"https:\/\/pravri.uniri.hr\/en\/wp-json\/wp\/v2\/pages\/8994"}],"wp:attachment":[{"href":"https:\/\/pravri.uniri.hr\/en\/wp-json\/wp\/v2\/media?parent=14132"}],"curies":[{"name":"wp","href":"https:\/\/api.w.org\/{rel}","templated":true}]}}