{"id":14245,"date":"2025-11-19T10:30:41","date_gmt":"2025-11-19T10:30:41","guid":{"rendered":"https:\/\/pravri.uniri.hr\/?page_id=14245"},"modified":"2025-12-16T11:11:37","modified_gmt":"2025-12-16T11:11:37","slug":"legal-terminology-management-in-the-digital-age","status":"publish","type":"page","link":"https:\/\/pravri.uniri.hr\/en\/project\/legal-terminology-management-in-the-digital-age\/","title":{"rendered":"Legal Terminology Management in the Digital Age"},"content":{"rendered":"<div class=\"wp-block-ub-content-toggle wp-block-ub-content-toggle-block\" id=\"ub-content-toggle-block-23def287-43a9-4a38-8ae4-c9209d0d9b64\" data-mobilecollapse=\"true\" data-desktopcollapse=\"true\" data-preventcollapse=\"false\" data-showonlyone=\"false\">\n<div class=\"wp-block-ub-content-toggle-accordion\" style=\"border-color: #f1f1f1;\" id=\"ub-content-toggle-panel-block-\">\n\t\t\t<div class=\"wp-block-ub-content-toggle-accordion-title-wrap\" style=\"background-color: #f1f1f1;\" aria-controls=\"ub-content-toggle-panel-0-23def287-43a9-4a38-8ae4-c9209d0d9b64\" tabindex=\"0\">\n\t\t\t<p class=\"wp-block-ub-content-toggle-accordion-title ub-content-toggle-title-23def287-43a9-4a38-8ae4-c9209d0d9b64\" style=\"color: #000000; \">About the Project<\/p>\n\t\t\t<div class=\"wp-block-ub-content-toggle-accordion-toggle-wrap right\" style=\"color: #000000;\"><span class=\"wp-block-ub-content-toggle-accordion-state-indicator wp-block-ub-chevron-down\"><\/span><\/div>\n\t\t<\/div>\n\t\t\t<div role=\"region\" aria-expanded=\"false\" class=\"wp-block-ub-content-toggle-accordion-content-wrap ub-hide\" id=\"ub-content-toggle-panel-0-23def287-43a9-4a38-8ae4-c9209d0d9b64\">\n\n<p><strong>Project title<\/strong>: Legal Terminology Management in the Digital Age<br><strong>Project acronym<\/strong>: LawTermAI<br><strong>Project number<\/strong>: uniri-iz-25-63<br><strong>Project financing<\/strong>: European Union \u2013 NextGenerationEU<br><strong>Project duration<\/strong>: 1 October 2025 \u2013 30 September 2029<br><strong>Total value of the project (EUR)<\/strong>: 48.532,06\u00a0<br><strong>Legal disclaimer<\/strong>: This project is funded by European Union \u2013 NextGenerationEU via the Croatian National Recovery and Resilience Plan 2021-2026, in conjunction with the University of Rijeka, Faculty of Law Programme Financing. The views and opinions expressed are solely those of the authors and do not necessarily reflect the official position of the European Union or the European Commission. Neither the European Union nor the European Commission can be held responsible for them.<\/p>\n\n\n\n<figure class=\"wp-block-image aligncenter size-medium\"><img decoding=\"async\" width=\"300\" height=\"90\" src=\"https:\/\/pravri.uniri.hr\/wp-content\/uploads\/2025\/11\/funded_eu-300x90.png\" alt=\"\" class=\"wp-image-13919\" srcset=\"https:\/\/pravri.uniri.hr\/wp-content\/uploads\/2025\/11\/funded_eu-300x90.png 300w, https:\/\/pravri.uniri.hr\/wp-content\/uploads\/2025\/11\/funded_eu.png 411w\" sizes=\"(max-width: 300px) 100vw, 300px\" \/><\/figure>\n\n<\/div>\n\t\t<\/div>\n\n<div class=\"wp-block-ub-content-toggle-accordion\" style=\"border-color: #f1f1f1;\" id=\"ub-content-toggle-panel-block-\">\n\t\t\t<div class=\"wp-block-ub-content-toggle-accordion-title-wrap\" style=\"background-color: #f1f1f1;\" aria-controls=\"ub-content-toggle-panel-1-23def287-43a9-4a38-8ae4-c9209d0d9b64\" tabindex=\"0\">\n\t\t\t<p class=\"wp-block-ub-content-toggle-accordion-title ub-content-toggle-title-23def287-43a9-4a38-8ae4-c9209d0d9b64\" style=\"color: #000000; \">Project Leader<\/p>\n\t\t\t<div class=\"wp-block-ub-content-toggle-accordion-toggle-wrap right\" style=\"color: #000000;\"><span class=\"wp-block-ub-content-toggle-accordion-state-indicator wp-block-ub-chevron-down\"><\/span><\/div>\n\t\t<\/div>\n\t\t\t<div role=\"region\" aria-expanded=\"false\" class=\"wp-block-ub-content-toggle-accordion-content-wrap ub-hide\" id=\"ub-content-toggle-panel-1-23def287-43a9-4a38-8ae4-c9209d0d9b64\">\n\n<p><strong>Name and surname<\/strong>: Assoc. Prof. Martina Baj\u010di\u0107<br><strong>E-mail<\/strong>: <a href=\"mailto:martina.bajcic@uniri.hr\">martina.bajcic@uniri.hr<\/a><\/p>\n\n<\/div>\n\t\t<\/div>\n\n<div class=\"wp-block-ub-content-toggle-accordion\" style=\"border-color: #f1f1f1;\" id=\"ub-content-toggle-panel-block-\">\n\t\t\t<div class=\"wp-block-ub-content-toggle-accordion-title-wrap\" style=\"background-color: #f1f1f1;\" aria-controls=\"ub-content-toggle-panel-2-23def287-43a9-4a38-8ae4-c9209d0d9b64\" tabindex=\"0\">\n\t\t\t<p class=\"wp-block-ub-content-toggle-accordion-title ub-content-toggle-title-23def287-43a9-4a38-8ae4-c9209d0d9b64\" style=\"color: #000000; \">Project Team Members<\/p>\n\t\t\t<div class=\"wp-block-ub-content-toggle-accordion-toggle-wrap right\" style=\"color: #000000;\"><span class=\"wp-block-ub-content-toggle-accordion-state-indicator wp-block-ub-chevron-down\"><\/span><\/div>\n\t\t<\/div>\n\t\t\t<div role=\"region\" aria-expanded=\"false\" class=\"wp-block-ub-content-toggle-accordion-content-wrap ub-hide\" id=\"ub-content-toggle-panel-2-23def287-43a9-4a38-8ae4-c9209d0d9b64\">\n\n<ul class=\"wp-block-list\">\n<li>Asst. Prof. Dejana Golenko, <a href=\"mailto:dejana.golenko@pravri.uniri.hr\">dejana.golenko@pravri.uniri.hr<\/a><\/li>\n\n\n\n<li>Assoc. Prof. Mirjana Borucinsky, <a href=\"mailto:mirjana.borucinsky@pfri.uniri.hr\">mirjana.borucinsky@pfri.uniri.hr<\/a><\/li>\n\n\n\n<li>Asst. Prof. Jana Kegalj, <a href=\"mailto:jana.kegalj@pfri.uniri.hr\">jana.kegalj@pfri.uniri.hr<\/a><\/li>\n\n\n\n<li>Prof. Dr. Ana Po\u0161\u0107i\u0107, <a href=\"mailto:ana.poscic@uniri.hr\">ana.poscic@uniri.hr<\/a><\/li>\n\n\n\n<li>Dr. Ana Ostro\u0161ki Ani\u0107, <a href=\"mailto:aostrosk@ihjj.hr\">aostrosk@ihjj.hr<\/a><\/li>\n\n\n\n<li>Dr. Ivana Edmonds, <a href=\"mailto:ivana.edmonds@pravri.uniri.hr\">ivana.edmonds@pravri.uniri.hr<\/a><\/li>\n\n\n\n<li>Martina Ti\u010di\u0107, <a href=\"mailto:mticic@pravri.uniri.hr\">mticic@pravri.uniri.hr<\/a><\/li>\n\n\n\n<li>Petra \u0160vob, <a href=\"mailto:petra.svob.ri@gmail.com\">petra.svob.ri@gmail.com<\/a><\/li>\n<\/ul>\n\n<\/div>\n\t\t<\/div>\n\n<div class=\"wp-block-ub-content-toggle-accordion\" style=\"border-color: #f1f1f1;\" id=\"ub-content-toggle-panel-block-\">\n\t\t\t<div class=\"wp-block-ub-content-toggle-accordion-title-wrap\" style=\"background-color: #f1f1f1;\" aria-controls=\"ub-content-toggle-panel-3-23def287-43a9-4a38-8ae4-c9209d0d9b64\" tabindex=\"0\">\n\t\t\t<p class=\"wp-block-ub-content-toggle-accordion-title ub-content-toggle-title-23def287-43a9-4a38-8ae4-c9209d0d9b64\" style=\"color: #000000; \">Project Description<\/p>\n\t\t\t<div class=\"wp-block-ub-content-toggle-accordion-toggle-wrap right\" style=\"color: #000000;\"><span class=\"wp-block-ub-content-toggle-accordion-state-indicator wp-block-ub-chevron-down\"><\/span><\/div>\n\t\t<\/div>\n\t\t\t<div role=\"region\" aria-expanded=\"false\" class=\"wp-block-ub-content-toggle-accordion-content-wrap ub-hide\" id=\"ub-content-toggle-panel-3-23def287-43a9-4a38-8ae4-c9209d0d9b64\">\n\n<p>Although the emergence of new tools and models based on generative artificial intelligence has facilitated access to information, assessing the credibility of the retrieved information in the digital environment is a formidable task. Despite the growing application of these tools across domains and fields, their application in law and most notably in regard to legal terminology has yet to be systematically and empirically studied. In contrast to other domains, law directly affects all citizens, whereas legal terms denoting legal norms may result in different legal effects and outcomes. Observed in this light, using applicable authoritative legal terms provides legal information with required credibility, thus enabling citizens to realise their rights or fulfil their obligations. In view of the complexity of both legal information and legal terminology subject to dynamic changes in the digital environment, credibility assessment constitutes the key pre-condition for an efficient application of tools and models based on generative artificial intelligence on legal terms, legal concepts and legal texts. Intertwining and innovating upon state-of-the-art principles and methods from the fields of corpus-based applied terminology and newly emerged legal information science the project lays the groundwork for sustainable deployment of tools and models based on generative artificial intelligence on legal terminology and management of risks of deploying these tools to legal terminology in the digital age.<\/p>\n\n\n\n<h3 class=\"wp-block-heading\">Project goals:<\/h3>\n\n\n\n<ul class=\"wp-block-list\">\n<li>Developing methods to improve the application of GenAI tools in legal terminology management<\/li>\n\n\n\n<li>Developing guidelines for risk management in regard to GenAI and legal terminology\u00a0<\/li>\n\n\n\n<li>Developing AI and terminology literacy in the context of law<\/li>\n<\/ul>\n\n\n\n<h3 class=\"wp-block-heading\">Expected results:<\/h3>\n\n\n\n<ul class=\"wp-block-list\">\n<li>papers<\/li>\n\n\n\n<li>new courses<\/li>\n\n\n\n<li>applied research<\/li>\n\n\n\n<li>compilation of corpora and terminological databases<\/li>\n\n\n\n<li>digital course materials<\/li>\n<\/ul>\n\n\n\n<h3 class=\"wp-block-heading\">Key words:<\/h3>\n\n\n\n<ul class=\"wp-block-list\">\n<li>AI, terminology, legal terms, legal information<\/li>\n<\/ul>\n\n<\/div>\n\t\t<\/div>\n\n<div class=\"wp-block-ub-content-toggle-accordion\" style=\"border-color: #f1f1f1;\" id=\"ub-content-toggle-panel-block-\">\n\t\t\t<div class=\"wp-block-ub-content-toggle-accordion-title-wrap\" style=\"background-color: #f1f1f1;\" aria-controls=\"ub-content-toggle-panel-4-23def287-43a9-4a38-8ae4-c9209d0d9b64\" tabindex=\"0\">\n\t\t\t<p class=\"wp-block-ub-content-toggle-accordion-title ub-content-toggle-title-23def287-43a9-4a38-8ae4-c9209d0d9b64\" style=\"color: #000000; \">Project Results<\/p>\n\t\t\t<div class=\"wp-block-ub-content-toggle-accordion-toggle-wrap right\" style=\"color: #000000;\"><span class=\"wp-block-ub-content-toggle-accordion-state-indicator wp-block-ub-chevron-down\"><\/span><\/div>\n\t\t<\/div>\n\t\t\t<div role=\"region\" aria-expanded=\"false\" class=\"wp-block-ub-content-toggle-accordion-content-wrap ub-hide\" id=\"ub-content-toggle-panel-4-23def287-43a9-4a38-8ae4-c9209d0d9b64\">\n\n<p><\/p>\n\n<\/div>\n\t\t<\/div>\n<\/div>","protected":false},"excerpt":{"rendered":"","protected":false},"author":10,"featured_media":0,"parent":8994,"menu_order":0,"comment_status":"closed","ping_status":"closed","template":"","meta":{"_acf_changed":false,"ub_ctt_via":"","footnotes":""},"class_list":["post-14245","page","type-page","status-publish","hentry"],"acf":[],"featured_image_src":null,"_links":{"self":[{"href":"https:\/\/pravri.uniri.hr\/en\/wp-json\/wp\/v2\/pages\/14245","targetHints":{"allow":["GET"]}}],"collection":[{"href":"https:\/\/pravri.uniri.hr\/en\/wp-json\/wp\/v2\/pages"}],"about":[{"href":"https:\/\/pravri.uniri.hr\/en\/wp-json\/wp\/v2\/types\/page"}],"author":[{"embeddable":true,"href":"https:\/\/pravri.uniri.hr\/en\/wp-json\/wp\/v2\/users\/10"}],"replies":[{"embeddable":true,"href":"https:\/\/pravri.uniri.hr\/en\/wp-json\/wp\/v2\/comments?post=14245"}],"version-history":[{"count":1,"href":"https:\/\/pravri.uniri.hr\/en\/wp-json\/wp\/v2\/pages\/14245\/revisions"}],"predecessor-version":[{"id":14246,"href":"https:\/\/pravri.uniri.hr\/en\/wp-json\/wp\/v2\/pages\/14245\/revisions\/14246"}],"up":[{"embeddable":true,"href":"https:\/\/pravri.uniri.hr\/en\/wp-json\/wp\/v2\/pages\/8994"}],"wp:attachment":[{"href":"https:\/\/pravri.uniri.hr\/en\/wp-json\/wp\/v2\/media?parent=14245"}],"curies":[{"name":"wp","href":"https:\/\/api.w.org\/{rel}","templated":true}]}}