{"id":8325,"date":"2024-06-20T07:47:44","date_gmt":"2024-06-20T07:47:44","guid":{"rendered":"https:\/\/pravri.uniri.hr\/?page_id=8325"},"modified":"2025-09-11T13:00:15","modified_gmt":"2025-09-11T13:00:15","slug":"management","status":"publish","type":"page","link":"https:\/\/pravri.uniri.hr\/en\/about-us\/organizational-structure\/management\/","title":{"rendered":"Management"},"content":{"rendered":"\n<h2 class=\"wp-block-heading\">Dean<\/h2>\n\n\n\n<div class=\"wp-block-columns is-layout-flex wp-container-core-columns-is-layout-28f84493 wp-block-columns-is-layout-flex\">\n<div class=\"wp-block-column is-layout-flow wp-block-column-is-layout-flow\" style=\"flex-basis:15%\">\n<figure class=\"wp-block-image size-large is-resized\"><img fetchpriority=\"high\" decoding=\"async\" width=\"683\" height=\"1024\" src=\"https:\/\/pravri.uniri.hr\/wp-content\/uploads\/2024\/10\/IMG_6307-683x1024.jpg\" alt=\"\" class=\"wp-image-6104\" style=\"width:auto;height:150px\" srcset=\"https:\/\/pravri.uniri.hr\/wp-content\/uploads\/2024\/10\/IMG_6307-683x1024.jpg 683w, https:\/\/pravri.uniri.hr\/wp-content\/uploads\/2024\/10\/IMG_6307-200x300.jpg 200w, https:\/\/pravri.uniri.hr\/wp-content\/uploads\/2024\/10\/IMG_6307-768x1152.jpg 768w, https:\/\/pravri.uniri.hr\/wp-content\/uploads\/2024\/10\/IMG_6307-1024x1536.jpg 1024w, https:\/\/pravri.uniri.hr\/wp-content\/uploads\/2024\/10\/IMG_6307-1365x2048.jpg 1365w, https:\/\/pravri.uniri.hr\/wp-content\/uploads\/2024\/10\/IMG_6307-scaled.jpg 1707w\" sizes=\"(max-width: 683px) 100vw, 683px\" \/><\/figure>\n<\/div>\n\n\n\n<div class=\"wp-block-column is-layout-flow wp-block-column-is-layout-flow\" style=\"flex-basis:85%\">\n<p><strong><a href=\"https:\/\/pravri.uniri.hr\/djelatnici\/dario-derda\/\" target=\"_blank\" rel=\"noreferrer noopener\">Prof. Dr. Dario \u0110er\u0111a<\/a><\/strong><br>T&nbsp;+385 51 359 672<br>E <a href=\"mailto:dario.derda@pravri.uniri.hr\">dario.derda@pravri.uniri.hr<\/a><\/p>\n<\/div>\n<\/div>\n\n\n\n<h2 class=\"wp-block-heading\">Vice-Deans<\/h2>\n\n\n\n<div class=\"wp-block-columns is-layout-flex wp-container-core-columns-is-layout-28f84493 wp-block-columns-is-layout-flex\">\n<div class=\"wp-block-column is-layout-flow wp-block-column-is-layout-flow\" style=\"flex-basis:15%\">\n<figure class=\"wp-block-image size-full is-resized\"><img decoding=\"async\" width=\"300\" height=\"450\" src=\"https:\/\/pravri.uniri.hr\/wp-content\/uploads\/2024\/09\/martinovic-igor.jpg\" alt=\"\" class=\"wp-image-4451\" style=\"width:auto;height:150px\" srcset=\"https:\/\/pravri.uniri.hr\/wp-content\/uploads\/2024\/09\/martinovic-igor.jpg 300w, https:\/\/pravri.uniri.hr\/wp-content\/uploads\/2024\/09\/martinovic-igor-200x300.jpg 200w\" sizes=\"(max-width: 300px) 100vw, 300px\" \/><\/figure>\n<\/div>\n\n\n\n<div class=\"wp-block-column is-layout-flow wp-block-column-is-layout-flow\" style=\"flex-basis:35%\">\n<p><strong>Vice-Dean for the Law Degree Program<br><\/strong><a href=\"https:\/\/pravri.uniri.hr\/djelatnici\/igor-martinovic\/\" target=\"_blank\" rel=\"noreferrer noopener\">Prof. Dr. Igor Martinovi\u0107<\/a><br>T +385 51 359 536<br>E <a href=\"mailto:igor.martinovic@pravri.uniri.hr\">igor.martinovic@pravri.uniri.hr<\/a><\/p>\n<\/div>\n\n\n\n<div class=\"wp-block-column is-layout-flow wp-block-column-is-layout-flow\" style=\"flex-basis:15%\">\n<figure class=\"wp-block-image size-full is-resized\"><img decoding=\"async\" width=\"300\" height=\"450\" src=\"https:\/\/pravri.uniri.hr\/wp-content\/uploads\/2024\/09\/dobric-jambrovic-dana.jpg\" alt=\"\" class=\"wp-image-4434\" style=\"width:auto;height:150px\" srcset=\"https:\/\/pravri.uniri.hr\/wp-content\/uploads\/2024\/09\/dobric-jambrovic-dana.jpg 300w, https:\/\/pravri.uniri.hr\/wp-content\/uploads\/2024\/09\/dobric-jambrovic-dana-200x300.jpg 200w\" sizes=\"(max-width: 300px) 100vw, 300px\" \/><\/figure>\n<\/div>\n\n\n\n<div class=\"wp-block-column is-layout-flow wp-block-column-is-layout-flow\" style=\"flex-basis:35%\">\n<p><strong>Vice-Dean for the Public Administration Program<br><\/strong><a href=\"https:\/\/pravri.uniri.hr\/djelatnici\/dana-dobric-jambrovic\/\" target=\"_blank\" rel=\"noreferrer noopener\">Assoc. Prof. Dr. Dana Dobri\u0107 Jambrovi\u0107<\/a><br>T +385 51 359 543<br>E <a href=\"mailto:dana.dobric@pravri.uniri.hr\">dana.dobric@pravri.uniri.hr<\/a><\/p>\n<\/div>\n<\/div>\n\n\n\n<div class=\"wp-block-columns is-layout-flex wp-container-core-columns-is-layout-28f84493 wp-block-columns-is-layout-flex\">\n<div class=\"wp-block-column is-layout-flow wp-block-column-is-layout-flow\" style=\"flex-basis:15%\">\n<figure class=\"wp-block-image size-full is-resized\"><img loading=\"lazy\" decoding=\"async\" width=\"300\" height=\"450\" src=\"https:\/\/pravri.uniri.hr\/wp-content\/uploads\/2024\/09\/kunda-ivana.jpg\" alt=\"\" class=\"wp-image-4444\" style=\"width:auto;height:150px\" srcset=\"https:\/\/pravri.uniri.hr\/wp-content\/uploads\/2024\/09\/kunda-ivana.jpg 300w, https:\/\/pravri.uniri.hr\/wp-content\/uploads\/2024\/09\/kunda-ivana-200x300.jpg 200w\" sizes=\"(max-width: 300px) 100vw, 300px\" \/><\/figure>\n<\/div>\n\n\n\n<div class=\"wp-block-column is-layout-flow wp-block-column-is-layout-flow\" style=\"flex-basis:35%\">\n<p><strong>Vice-Dean for Research<br><\/strong><a href=\"https:\/\/pravri.uniri.hr\/djelatnici\/ivana-kunda\/\" target=\"_blank\" rel=\"noreferrer noopener\">Prof. Dr. Ivana Kunda<\/a><br>T +385 51 359 684<br>E <a href=\"mailto:ivana.kunda@pravri.uniri.hr\">ivana.kunda@pravri.uniri.hr<\/a><\/p>\n<\/div>\n\n\n\n<div class=\"wp-block-column is-layout-flow wp-block-column-is-layout-flow\" style=\"flex-basis:15%\">\n<figure class=\"wp-block-image size-full is-resized\"><img loading=\"lazy\" decoding=\"async\" width=\"300\" height=\"450\" src=\"https:\/\/pravri.uniri.hr\/wp-content\/uploads\/2024\/09\/gadzo-stjepan.jpg\" alt=\"\" class=\"wp-image-4438\" style=\"width:auto;height:150px\" srcset=\"https:\/\/pravri.uniri.hr\/wp-content\/uploads\/2024\/09\/gadzo-stjepan.jpg 300w, https:\/\/pravri.uniri.hr\/wp-content\/uploads\/2024\/09\/gadzo-stjepan-200x300.jpg 200w\" sizes=\"(max-width: 300px) 100vw, 300px\" \/><\/figure>\n<\/div>\n\n\n\n<div class=\"wp-block-column is-layout-flow wp-block-column-is-layout-flow\" style=\"flex-basis:35%\">\n<p><strong>Vice-Dean for International Affairs<br><\/strong><a href=\"https:\/\/pravri.uniri.hr\/djelatnici\/stjepan-gadzo\/\" target=\"_blank\" rel=\"noreferrer noopener\">Assoc. Prof. Dr. Stjepan Gad\u017eo<\/a><br>T +385 51 359 535<br>E <a href=\"mailto:stjepan.gadzo@pravri.uniri.hr\">stjepan.gadzo@pravri.uniri.hr<\/a><\/p>\n<\/div>\n<\/div>\n\n\n\n<div class=\"wp-block-columns is-layout-flex wp-container-core-columns-is-layout-28f84493 wp-block-columns-is-layout-flex\">\n<div class=\"wp-block-column is-layout-flow wp-block-column-is-layout-flow\" style=\"flex-basis:15%\">\n<figure class=\"wp-block-image size-full is-resized\"><img loading=\"lazy\" decoding=\"async\" width=\"300\" height=\"450\" src=\"https:\/\/pravri.uniri.hr\/wp-content\/uploads\/2024\/09\/matic-mateskovic-ines.jpg\" alt=\"\" class=\"wp-image-4452\" style=\"width:auto;height:150px\" srcset=\"https:\/\/pravri.uniri.hr\/wp-content\/uploads\/2024\/09\/matic-mateskovic-ines.jpg 300w, https:\/\/pravri.uniri.hr\/wp-content\/uploads\/2024\/09\/matic-mateskovic-ines-200x300.jpg 200w\" sizes=\"(max-width: 300px) 100vw, 300px\" \/><\/figure>\n<\/div>\n\n\n\n<div class=\"wp-block-column is-layout-flow wp-block-column-is-layout-flow\" style=\"flex-basis:35%\">\n<p><strong>Vice-Dean for Business Affairs<br><\/strong><a href=\"https:\/\/pravri.uniri.hr\/djelatnici\/ines-matic-mateskovic\/\" target=\"_blank\" rel=\"noreferrer noopener\">Assist. Prof. Dr. Ines Mati\u0107 Mate\u0161kovi\u0107<\/a><br>T +385 51 359 544<br>E <a href=\"mailto:ines.matic@pravri.uniri.hr\">ines.matic@pravri.uniri.hr<\/a><\/p>\n<\/div>\n\n\n\n<div class=\"wp-block-column is-layout-flow wp-block-column-is-layout-flow\" style=\"flex-basis:15%\">\n<figure class=\"wp-block-image size-full is-resized\"><img loading=\"lazy\" decoding=\"async\" width=\"300\" height=\"450\" src=\"https:\/\/pravri.uniri.hr\/wp-content\/uploads\/2024\/09\/cuculic-drazen.jpg\" alt=\"\" class=\"wp-image-4429\" style=\"width:auto;height:150px\" srcset=\"https:\/\/pravri.uniri.hr\/wp-content\/uploads\/2024\/09\/cuculic-drazen.jpg 300w, https:\/\/pravri.uniri.hr\/wp-content\/uploads\/2024\/09\/cuculic-drazen-200x300.jpg 200w\" sizes=\"(max-width: 300px) 100vw, 300px\" \/><\/figure>\n<\/div>\n\n\n\n<div class=\"wp-block-column is-layout-flow wp-block-column-is-layout-flow\" style=\"flex-basis:35%\">\n<p style=\"font-size:17px\"><strong>Head Secretary<br><\/strong><a href=\"https:\/\/pravri.uniri.hr\/djelatnici\/drazen-cuculic\/\">Dra\u017een Cuculi\u0107, dipl. iur.<\/a><br>T +385 51 359 505<br>E <a href=\"mailto:tajnik@pravri.uniri.hr\">tajnik@pravri.uniri.hr<\/a><\/p>\n<\/div>\n<\/div>\n","protected":false},"excerpt":{"rendered":"<p>Dean Prof. Dr. Dario \u0110er\u0111aT&nbsp;+385 51 359 672E dario.derda@pravri.uniri.hr Vice-Deans Vice-Dean for the Law Degree ProgramProf. Dr. Igor Martinovi\u0107T +385 51 359 536E igor.martinovic@pravri.uniri.hr Vice-Dean for the Public Administration ProgramAssoc. Prof. Dr. Dana Dobri\u0107 Jambrovi\u0107T +385 51 359 543E dana.dobric@pravri.uniri.hr Vice-Dean for ResearchProf. Dr. Ivana KundaT +385 51 359 684E ivana.kunda@pravri.uniri.hr Vice-Dean for International AffairsAssoc. [&hellip;]<\/p>\n","protected":false},"author":4,"featured_media":7419,"parent":8321,"menu_order":2,"comment_status":"closed","ping_status":"closed","template":"","meta":{"_acf_changed":false,"ub_ctt_via":"","footnotes":""},"class_list":["post-8325","page","type-page","status-publish","has-post-thumbnail","hentry"],"acf":[],"featured_image_src":"https:\/\/pravri.uniri.hr\/wp-content\/uploads\/2024\/09\/o-fakultetu.jpg","_links":{"self":[{"href":"https:\/\/pravri.uniri.hr\/en\/wp-json\/wp\/v2\/pages\/8325","targetHints":{"allow":["GET"]}}],"collection":[{"href":"https:\/\/pravri.uniri.hr\/en\/wp-json\/wp\/v2\/pages"}],"about":[{"href":"https:\/\/pravri.uniri.hr\/en\/wp-json\/wp\/v2\/types\/page"}],"author":[{"embeddable":true,"href":"https:\/\/pravri.uniri.hr\/en\/wp-json\/wp\/v2\/users\/4"}],"replies":[{"embeddable":true,"href":"https:\/\/pravri.uniri.hr\/en\/wp-json\/wp\/v2\/comments?post=8325"}],"version-history":[{"count":3,"href":"https:\/\/pravri.uniri.hr\/en\/wp-json\/wp\/v2\/pages\/8325\/revisions"}],"predecessor-version":[{"id":12263,"href":"https:\/\/pravri.uniri.hr\/en\/wp-json\/wp\/v2\/pages\/8325\/revisions\/12263"}],"up":[{"embeddable":true,"href":"https:\/\/pravri.uniri.hr\/en\/wp-json\/wp\/v2\/pages\/8321"}],"wp:featuredmedia":[{"embeddable":true,"href":"https:\/\/pravri.uniri.hr\/en\/wp-json\/wp\/v2\/media\/7419"}],"wp:attachment":[{"href":"https:\/\/pravri.uniri.hr\/en\/wp-json\/wp\/v2\/media?parent=8325"}],"curies":[{"name":"wp","href":"https:\/\/api.w.org\/{rel}","templated":true}]}}