{"id":8439,"date":"2023-05-10T10:35:40","date_gmt":"2023-05-10T10:35:40","guid":{"rendered":"https:\/\/pravri.uniri.hr\/?page_id=8439"},"modified":"2026-03-18T12:27:17","modified_gmt":"2026-03-18T12:27:17","slug":"university-specialist-study-in-european-integration","status":"publish","type":"page","link":"https:\/\/pravri.uniri.hr\/en\/study-programs\/university-specialist-study-programs\/university-specialist-study-in-european-integration\/","title":{"rendered":"European Market Law and New Technologies"},"content":{"rendered":"<div class=\"wp-block-ub-content-toggle wp-block-ub-content-toggle-block\" id=\"ub-content-toggle-block-65c01a6f-af41-4b6a-af32-a2986d5c46ad\" data-mobilecollapse=\"true\" data-desktopcollapse=\"true\" data-preventcollapse=\"false\" data-showonlyone=\"false\">\n<div class=\"wp-block-ub-content-toggle-accordion\" style=\"border-color: #f1f1f1;\" id=\"ub-content-toggle-panel-block-\">\n\t\t\t<div class=\"wp-block-ub-content-toggle-accordion-title-wrap\" style=\"background-color: #f1f1f1;\" aria-controls=\"ub-content-toggle-panel-0-65c01a6f-af41-4b6a-af32-a2986d5c46ad\" tabindex=\"0\">\n\t\t\t<p class=\"wp-block-ub-content-toggle-accordion-title ub-content-toggle-title-65c01a6f-af41-4b6a-af32-a2986d5c46ad\" style=\"color: #000000; \">Basic information about the study programme<\/p>\n\t\t\t<div class=\"wp-block-ub-content-toggle-accordion-toggle-wrap right\" style=\"color: #000000;\"><span class=\"wp-block-ub-content-toggle-accordion-state-indicator wp-block-ub-chevron-down\"><\/span><\/div>\n\t\t<\/div>\n\t\t\t<div role=\"region\" aria-expanded=\"false\" class=\"wp-block-ub-content-toggle-accordion-content-wrap ub-hide\" id=\"ub-content-toggle-panel-0-65c01a6f-af41-4b6a-af32-a2986d5c46ad\">\n\n<p>European Market Law and New Technologies is a new postgraduate university specialist online study programme at the Faculty of Law in Rijeka.\u00a0<\/p>\n\n\n\n<p><strong>The first cycle of the study program is planned to begin in the 2026\/2027 academic year (start of classes: October 2026). The call for applications for the first generation of participants will be announced in May\/June 2026 and will be available on the website of the Faculty of Law in Rijeka.<\/strong><\/p>\n\n\n\n<p>The programme is delivered entirely online and is tailored to the needs of students who study while working. Enrolled students study with part-time student status. The programme lasts one year (two semesters). In the first semester, students enrol in five compulsory courses, and in the second semester five elective courses. The programme is completed with the successful defence of a final thesis. Upon completion of the programme, graduates are awarded the title Specialist in European Market Law (spec. iur.) and earn 60 ECTS credits. The programme enables vertical and horizontal mobility within the national and European Higher Education Area.<\/p>\n\n\n\n<p>Market law and application of new technologies represent one of the most propulsive and successful areas of activity of the European Union, and this is the first such specialist study programme in Croatia with a targeted education in this area.<\/p>\n\n\n\n<p>The specialised online study program in European market law and new technologies is designed to provide participants with practical, market-relevant knowledge and skills needed to work in a modern legal and business environment. The program focuses on understanding and applying the European regulatory framework in the fields of the digital market, technology, and innovation, with a strong emphasis on addressing real-world legal and business challenges.<\/p>\n\n\n\n<p>Through an interdisciplinary approach and practical case examples, students develop competencies that are highly valued in legal practice, public administration, regulatory bodies, companies, and the technology sector. The aim of the programme is to connect academic knowledge with the needs of the legal profession and the labour market, and to equip professionals to operate effectively in the dynamic field of European law and new technologies.<\/p>\n\n\n\n<p><strong>STUDY PROGRAMME DIRECTORS \/ CONTACT<\/strong><\/p>\n\n\n\n<p>Prof. dr. sc. Ana Po\u0161\u0107i\u0107, <a href=\"mailto:ana.poscic@pravri.uniri.hr\">ana.poscic@pravri.uniri.hr<\/a> <br>Izv. prof. dr. sc. Adrijana Martinovi\u0107, <a href=\"mailto:adrijana.martinovic@pravri.uniri.hr\">adrijana.martinovic@pravri.uniri.hr<\/a><\/p>\n\n<\/div>\n\t\t<\/div>\n\n<div class=\"wp-block-ub-content-toggle-accordion\" style=\"border-color: #f1f1f1;\" id=\"ub-content-toggle-panel-block-\">\n\t\t\t<div class=\"wp-block-ub-content-toggle-accordion-title-wrap\" style=\"background-color: #f1f1f1;\" aria-controls=\"ub-content-toggle-panel-1-65c01a6f-af41-4b6a-af32-a2986d5c46ad\" tabindex=\"0\">\n\t\t\t<p class=\"wp-block-ub-content-toggle-accordion-title ub-content-toggle-title-65c01a6f-af41-4b6a-af32-a2986d5c46ad\" style=\"color: #000000; \">Study programme<\/p>\n\t\t\t<div class=\"wp-block-ub-content-toggle-accordion-toggle-wrap right\" style=\"color: #000000;\"><span class=\"wp-block-ub-content-toggle-accordion-state-indicator wp-block-ub-chevron-down\"><\/span><\/div>\n\t\t<\/div>\n\t\t\t<div role=\"region\" aria-expanded=\"false\" class=\"wp-block-ub-content-toggle-accordion-content-wrap ub-hide\" id=\"ub-content-toggle-panel-1-65c01a6f-af41-4b6a-af32-a2986d5c46ad\">\n\n<p><strong>Title awarded:<\/strong><\/p>\n\n\n\n<p>Specialist of European market law; spec. iur.<\/p>\n\n\n\n<p><strong>HKO\/EQF-a\/QF-EHEA level:<\/strong><\/p>\n\n\n\n<p>7.2 HKO \/ 7 EQF \/ 2 QF-EHEA<\/p>\n\n\n\n<p><strong>Duration \/ ECTS credits:<\/strong><\/p>\n\n\n\n<p>1 year \/ 60 ECTS<\/p>\n\n\n\n<p><strong>Teaching language:<\/strong><\/p>\n\n\n\n<p>Croatian<\/p>\n\n\n\n<p><strong>Organisation and teaching methods:<\/strong><\/p>\n\n\n\n<p>The programme is delivered as a postgraduate university specialist study program lasting one year, upon completion of which 60 ECTS credits are awarded. The program is delivered entirely online, using remote communication tools and a Learning Management System (LMS) for e-learning, in both synchronous and asynchronous formats.<\/p>\n\n\n\n<p><strong>Admission quota:<\/strong><\/p>\n\n\n\n<p>20 part-time students<\/p>\n\n\n\n<p><strong>Start of the programme:<\/strong><\/p>\n\n\n\n<p>Academic year 2026\/2027<\/p>\n\n\n\n<p><strong>Admission requirements:<\/strong><\/p>\n\n\n\n<p>The right of admission to the study programme, in accordance with Article 61(4) of the Act on Higher Education and Science (<em>Zakon o visokom obrazovanju i znanstvenoj <\/em>djelatnosti; <em>Narodne novine<\/em>, No. 119\/2022), includes the following categories:<\/p>\n\n\n\n<p>1. Persons who have completed integrated undergraduate and graduate study of law, or university graduate (four-year) study of law in Croatia (univ. mag. iur.; mag. iur.; dipl. iur.) or equivalent study abroad;\u00a0<\/p>\n\n\n\n<p>2. Persons who have completed professional graduate study programme in public administration, or equivalent study abroad, with proof of at least five years of professional work experience in the field of implementation of the study programme;<\/p>\n\n\n\n<p>3. Persons who have completed any other university graduate study programme or university integrated undergraduate and graduate study programme or professional graduate study programme, with the condition of passing differential (bridging) exams in the Introduction to public law and Introduction to private law (both with components in EU law) at the time of enrolling into the online study programme.<\/p>\n\n\n\n<p>Persons listed in item 3 can be exonerated from specific parts of differential (bridging) exams, based on a decision of the management of the online study programme, if they have passed one or more courses during their prior studies that correspond with differential (bridging) exams in relation to their content, objectives and acquired course outcomes. The aim of the differential (bridging) exams is to ensure enrolment of the candidates with appropriate prior knowledge that enables the acquisition of the intended learning outcomes at the level of the online study programme.\u00a0<\/p>\n\n\n\n<p>The student has to possess knowledge of the Croatian language (language of the study programme at CEFR level C2 according to the student\u2019s self-assessment) and English language at the level of possibility to follow any potential guest lecture, assigned reading, and basic professional communication (CEFR level B2 according to the student\u2019s self-assessment).<\/p>\n\n\n\n<p><strong>Conditions for advancing through the study programme:<\/strong><\/p>\n\n\n\n<p>A student acquires the right to enrol in the second semester upon completion of compulsory courses from the first semester. Students choose and enrol in a total of five elective courses in the second semester.<\/p>\n\n\n\n<p>Completion of the study programme:<\/p>\n\n\n\n<p>Passing all exams, completion of all other student obligations, and preparation and defence of the Final Thesis (Specialist thesis), in accordance with Article 61(5) of the Act on Higher Education and Science (<em>Zakon o visokom obrazovanju i znanstvenoj <\/em>djelatnosti; <em>Narodne novine<\/em>, No. 119\/2022). The Final Thesis can, based on agreement with the mentor and preferences of the student, consist of elaboration and oral defence of a classic written final thesis, or elaboration and oral defence of a final written project in the form of the thesis.<\/p>\n\n\n\n<p><strong>Study programme learning outcomes:<\/strong><\/p>\n\n\n\n<p>LO 1.1.: Analyse and critically evaluate the institutional framework and powers of the European Union<\/p>\n\n\n\n<p>LO 1.2.: Critically assess the functioning of internal market of European Union<\/p>\n\n\n\n<p>LO 1.3.: Describe and explain the positive legal regulation in the field of European Union market law<\/p>\n\n\n\n<p>LO 1.4.: Create, develop and valorise normative solutions and public policies in the field of European Union market law<\/p>\n\n\n\n<p>LO 2.1.: Explain, compare and critically assess the principles, sources and institutes of substantive law in specific fields of European Union competence<\/p>\n\n\n\n<p>LO 2.2.: Explain, compare and critically assess the fundamental elements of judicial protection in the European Union<\/p>\n\n\n\n<p>LO 2.3.: Analyse the influence of positive legal regulation on the development and application of new technologies in the field of European Union market law<\/p>\n\n\n\n<p>LO 2.4.: Interpret and reassess the relationship between European and international law norms and national norms<\/p>\n\n\n\n<p>LO 3.1.: Identify relevant legal issues, interpret and apply the relevant rule to the specific factual situation<\/p>\n\n\n\n<p>LO 3.2.: Solve a practical issue and substantiate a reasoned legal opinion in the field of European Union market law<\/p>\n\n\n\n<p>LO 3.3.: Analyse the existing case law and prepare and substantiate a case study in the field of European Union market law<\/p>\n\n\n\n<p>LO 4.1.: Analyse the role and significance of political, historical, economic and other social factors on the creation and application of European Union market law<\/p>\n\n\n\n<p>LO 4.2.: Analyse and valorise the connection between European Union market rights and new technologies<\/p>\n\n\n\n<p>LO 4.3.: Predict and evaluate the connection between market law and the use of new technologies and create solutions for complex legal situations by applying interdisciplinary methods<\/p>\n\n\n\n<p>LO 5.1.: Express oneself in a reasoned and unambiguous manner in both written and oral form, using appropriate legal terminology of European Union law<\/p>\n\n\n\n<p>LO 5.2.: Using relevant sources, conduct legal research in the field of European Union market law and develop reasoned conclusions<\/p>\n\n\n\n<p>LO 5.3.: Perform assigned tasks in the field of European Union market law in a socially responsible manner and in compliance with ethical standards<\/p>\n\n\n\n<p>LO 5.4.: Design, plan and present legal project in the field of European Union law, both independently and in a team, in accordance with set deadlines<\/p>\n\n<\/div>\n\t\t<\/div>\n\n<div class=\"wp-block-ub-content-toggle-accordion\" style=\"border-color: #f1f1f1;\" id=\"ub-content-toggle-panel-block-\">\n\t\t\t<div class=\"wp-block-ub-content-toggle-accordion-title-wrap\" style=\"background-color: #f1f1f1;\" aria-controls=\"ub-content-toggle-panel-2-65c01a6f-af41-4b6a-af32-a2986d5c46ad\" tabindex=\"0\">\n\t\t\t<p class=\"wp-block-ub-content-toggle-accordion-title ub-content-toggle-title-65c01a6f-af41-4b6a-af32-a2986d5c46ad\" style=\"color: #000000; \">List of courses and schedule<\/p>\n\t\t\t<div class=\"wp-block-ub-content-toggle-accordion-toggle-wrap right\" style=\"color: #000000;\"><span class=\"wp-block-ub-content-toggle-accordion-state-indicator wp-block-ub-chevron-down\"><\/span><\/div>\n\t\t<\/div>\n\t\t\t<div role=\"region\" aria-expanded=\"false\" class=\"wp-block-ub-content-toggle-accordion-content-wrap ub-hide\" id=\"ub-content-toggle-panel-2-65c01a6f-af41-4b6a-af32-a2986d5c46ad\">\n\n<p><a href=\"https:\/\/pravri.uniri.hr\/wp-content\/uploads\/2026\/03\/list-of-cources-eu-market-law.pdf\" target=\"_blank\" rel=\"noreferrer noopener\">List of courses<\/a><\/p>\n\n<\/div>\n\t\t<\/div>\n\n<div class=\"wp-block-ub-content-toggle-accordion\" style=\"border-color: #f1f1f1;\" id=\"ub-content-toggle-panel-block-\">\n\t\t\t<div class=\"wp-block-ub-content-toggle-accordion-title-wrap\" style=\"background-color: #f1f1f1;\" aria-controls=\"ub-content-toggle-panel-3-65c01a6f-af41-4b6a-af32-a2986d5c46ad\" tabindex=\"0\">\n\t\t\t<p class=\"wp-block-ub-content-toggle-accordion-title ub-content-toggle-title-65c01a6f-af41-4b6a-af32-a2986d5c46ad\" style=\"color: #000000; \">Students affairs office<\/p>\n\t\t\t<div class=\"wp-block-ub-content-toggle-accordion-toggle-wrap right\" style=\"color: #000000;\"><span class=\"wp-block-ub-content-toggle-accordion-state-indicator wp-block-ub-chevron-down\"><\/span><\/div>\n\t\t<\/div>\n\t\t\t<div role=\"region\" aria-expanded=\"false\" class=\"wp-block-ub-content-toggle-accordion-content-wrap ub-hide\" id=\"ub-content-toggle-panel-3-65c01a6f-af41-4b6a-af32-a2986d5c46ad\">\n\n<p>In the Student Affairs Office, students can, upon presenting their identification number, receive answers to inquiries related to class and exam schedules, enrolment in the program and academic year, transfers from other law faculties, as well as inquiries related to regulations of the Faculty\u2019s competent authorities in the area of teaching.<\/p>\n\n\n\n<p>The Study Records are open for student inquiries on weekdays from 11 AM to 1 PM. For part-time students, the office is also open on Thursdays from 3 PM to 5 PM (from October 1st to May 31st).<\/p>\n\n\n\n<p>Inquiries can also be made by phone at 051 359 587 on weekdays from 2 PM to 3 PM, or via email at <a href=\"mailto:evidencija@pravri.uniri.hr\">evidencija@pravri.uniri.hr<\/a>.<\/p>\n\n<\/div>\n\t\t<\/div>\n\n<div class=\"wp-block-ub-content-toggle-accordion\" style=\"border-color: #f1f1f1;\" id=\"ub-content-toggle-panel-block-\">\n\t\t\t<div class=\"wp-block-ub-content-toggle-accordion-title-wrap\" style=\"background-color: #f1f1f1;\" aria-controls=\"ub-content-toggle-panel-4-65c01a6f-af41-4b6a-af32-a2986d5c46ad\" tabindex=\"0\">\n\t\t\t<p class=\"wp-block-ub-content-toggle-accordion-title ub-content-toggle-title-65c01a6f-af41-4b6a-af32-a2986d5c46ad\" style=\"color: #000000; \">Final thesis<\/p>\n\t\t\t<div class=\"wp-block-ub-content-toggle-accordion-toggle-wrap right\" style=\"color: #000000;\"><span class=\"wp-block-ub-content-toggle-accordion-state-indicator wp-block-ub-chevron-down\"><\/span><\/div>\n\t\t<\/div>\n\t\t\t<div role=\"region\" aria-expanded=\"false\" class=\"wp-block-ub-content-toggle-accordion-content-wrap ub-hide\" id=\"ub-content-toggle-panel-4-65c01a6f-af41-4b6a-af32-a2986d5c46ad\">\n\n<p>Instructions will be published upon enrolment of the first generation of students in the academic year 2026\/2027.<\/p>\n\n<\/div>\n\t\t<\/div>\n<\/div>\n\n\n<p><strong>BASIC INFORMATION:<\/strong><\/p>\n\n\n\n<ul class=\"wp-block-list\">\n<li>Name of study program: University Specialist Study in Law of European Integrations&nbsp;<\/li>\n\n\n\n<li>Croatian Qualification Framework Level: 7.2.<\/li>\n\n\n\n<li>Duration \/ ECTS Credits: 2 semesters \/ 60 ECTS<\/li>\n\n\n\n<li>Enrolment options: part-time<\/li>\n\n\n\n<li>Title awarded: <em>spec. iur.<\/em><\/li>\n<\/ul>\n\n\n\n<div class=\"wp-block-query UNIRI-query-loop-block no-title is-layout-flow wp-block-query-is-layout-flow\"><ul class=\"wp-block-post-template is-layout-flow wp-block-post-template-is-layout-flow\"><li class=\"wp-block-post post-15913 post type-post status-publish format-standard has-post-thumbnail hentry category-calls-for-applications category-erasmus category-erasmus-2 category-european-integration category-institute-of-european-and-comparative-law category-law category-students category-summer-school tag-eu-law tag-summer-school\">\n\n<div class=\"wp-block-group is-nowrap is-layout-flex wp-container-core-group-is-layout-6c531013 wp-block-group-is-layout-flex\"><div class=\"wp-block-post-date\"><time datetime=\"2026-03-26T08:32:30+00:00\">26\/03\/2026<\/time><\/div><\/div>\n\n\n<h2 class=\"wp-block-post-title\"><a href=\"https:\/\/pravri.uniri.hr\/en\/calls-open-summer-school-and-workshop-on-consumer-law-and-green-rights-in-the-eu\/\" target=\"_self\" >Calls Open: Summer School and Workshop on Consumer Law and Green Rights in the EU<\/a><\/h2>\n\n<div class=\"wp-block-post-excerpt\"><p class=\"wp-block-post-excerpt__excerpt\">The University of Udine, together with its partners, has announced two exciting opportunities for students, researchers and practitioners interested in European consumer and market law, with a particular focus on sustainability and the circular economy. The first call invites participants to register for the\u00a0Summer School \u201cConsumer and Market Law in the European Circular Economy\u201d\u00a0to be&hellip;<\/p><p class=\"wp-block-post-excerpt__more-text\"><a class=\"wp-block-post-excerpt__more-link\" href=\"https:\/\/pravri.uniri.hr\/en\/calls-open-summer-school-and-workshop-on-consumer-law-and-green-rights-in-the-eu\/\">Pro\u010ditaj vi\u0161e<\/a><\/p><\/div>\n<\/li><\/ul>\n\n<\/div>\n","protected":false},"excerpt":{"rendered":"<p>BASIC INFORMATION:<\/p>\n","protected":false},"author":4,"featured_media":7420,"parent":8435,"menu_order":2,"comment_status":"closed","ping_status":"closed","template":"","meta":{"_acf_changed":false,"ub_ctt_via":"","footnotes":""},"class_list":["post-8439","page","type-page","status-publish","has-post-thumbnail","hentry"],"acf":[],"featured_image_src":"https:\/\/pravri.uniri.hr\/wp-content\/uploads\/2024\/09\/studiji.jpg","_links":{"self":[{"href":"https:\/\/pravri.uniri.hr\/en\/wp-json\/wp\/v2\/pages\/8439","targetHints":{"allow":["GET"]}}],"collection":[{"href":"https:\/\/pravri.uniri.hr\/en\/wp-json\/wp\/v2\/pages"}],"about":[{"href":"https:\/\/pravri.uniri.hr\/en\/wp-json\/wp\/v2\/types\/page"}],"author":[{"embeddable":true,"href":"https:\/\/pravri.uniri.hr\/en\/wp-json\/wp\/v2\/users\/4"}],"replies":[{"embeddable":true,"href":"https:\/\/pravri.uniri.hr\/en\/wp-json\/wp\/v2\/comments?post=8439"}],"version-history":[{"count":15,"href":"https:\/\/pravri.uniri.hr\/en\/wp-json\/wp\/v2\/pages\/8439\/revisions"}],"predecessor-version":[{"id":15619,"href":"https:\/\/pravri.uniri.hr\/en\/wp-json\/wp\/v2\/pages\/8439\/revisions\/15619"}],"up":[{"embeddable":true,"href":"https:\/\/pravri.uniri.hr\/en\/wp-json\/wp\/v2\/pages\/8435"}],"wp:featuredmedia":[{"embeddable":true,"href":"https:\/\/pravri.uniri.hr\/en\/wp-json\/wp\/v2\/media\/7420"}],"wp:attachment":[{"href":"https:\/\/pravri.uniri.hr\/en\/wp-json\/wp\/v2\/media?parent=8439"}],"curies":[{"name":"wp","href":"https:\/\/api.w.org\/{rel}","templated":true}]}}