{"id":8495,"date":"2024-06-20T09:00:54","date_gmt":"2024-06-20T09:00:54","guid":{"rendered":"https:\/\/pravri.uniri.hr\/?page_id=8495"},"modified":"2025-01-27T11:04:30","modified_gmt":"2025-01-27T11:04:30","slug":"conferences-and-events","status":"publish","type":"page","link":"https:\/\/pravri.uniri.hr\/en\/science-and-research\/conferences-and-events\/","title":{"rendered":"Conferences and Events"},"content":{"rendered":"\n<div class=\"wp-block-query UNIRI-query-loop-block no-title is-layout-flow wp-block-query-is-layout-flow\"><ul class=\"wp-block-post-template is-layout-flow wp-block-post-template-is-layout-flow\"><li class=\"wp-block-post post-12965 dogadjanja type-dogadjanja status-publish has-post-thumbnail hentry kategorije_dogadjanja-conference kategorije_dogadjanja-scientific-conferences-and-events lokacije_dogadjanja-crikvenica lokacije_dogadjanja-gradska-vijecnica-vinodolska-1\">\n<h2 class=\"wp-block-post-title\"><a href=\"https:\/\/pravri.uniri.hr\/en\/dogadjanja\/international-scientific-conference-crikvenica-anniversaries-and-heritage-on-the-occasion-of-the-1100th-anniversary-of-the-kingdom-of-croatia\/\" target=\"_self\" >International Scientific Conference: Crikvenica, Anniversaries and Heritage &#8211; On the Occasion of the 1100th Anniversary of the Kingdom of Croatia<\/a><\/h2>\n\n<div class=\"wp-block-post-excerpt\"><p class=\"wp-block-post-excerpt__excerpt\">The international scientific conference deals with various state-legal topics from the history of Crikvenica and Vinodol, especially the 1100th anniversary of the Kingdom of Croatia, the 800th anniversary of the rule of the Krk counts over Vinodol, the donations of the rulers, the Vinodol law, Crikvenica in Hungarian plans and the administrative history of the&hellip;<\/p><p class=\"wp-block-post-excerpt__more-text\"><a class=\"wp-block-post-excerpt__more-link\" href=\"https:\/\/pravri.uniri.hr\/en\/dogadjanja\/international-scientific-conference-crikvenica-anniversaries-and-heritage-on-the-occasion-of-the-1100th-anniversary-of-the-kingdom-of-croatia\/\">Pro\u010ditaj vi\u0161e<\/a><\/p><\/div>\n<\/li><li class=\"wp-block-post post-12955 dogadjanja type-dogadjanja status-publish has-post-thumbnail hentry kategorije_dogadjanja-conference kategorije_dogadjanja-conference-series-petar-sarcevic kategorije_dogadjanja-scientific-conferences-and-events lokacije_dogadjanja-faculty-of-law\">\n<h2 class=\"wp-block-post-title\"><a href=\"https:\/\/pravri.uniri.hr\/en\/dogadjanja\/9th-international-scientific-conference-petar-sarcevic-automated-vehicles-at-the-crossroads-law-policy-and-deployment-in-transition\/\" target=\"_self\" >9th International Scientific Conference Petar \u0160ar\u010devi\u0107 &#8220;Automated Vehicles at the Crossroads: Law, Policy and Deployment in Transition&#8221;<\/a><\/h2>\n\n<div class=\"wp-block-post-excerpt\"><p class=\"wp-block-post-excerpt__excerpt\">The 9th International Scientific Conference Petar \u0160ar\u010devi\u0107 &#8220;Automated Vehicles at the Crossroads: Law, Policy and Deployment in Transition&#8221; will be held on 13 and 14 November 2025 at the Faculty of Law in Rijeka, with the aim of discussing the latest developments in the area of automated (and autonomous) vehicles and related legal and regulatory&hellip;<\/p><p class=\"wp-block-post-excerpt__more-text\"><a class=\"wp-block-post-excerpt__more-link\" href=\"https:\/\/pravri.uniri.hr\/en\/dogadjanja\/9th-international-scientific-conference-petar-sarcevic-automated-vehicles-at-the-crossroads-law-policy-and-deployment-in-transition\/\">Pro\u010ditaj vi\u0161e<\/a><\/p><\/div>\n<\/li><li class=\"wp-block-post post-12041 dogadjanja type-dogadjanja status-publish has-post-thumbnail hentry kategorije_dogadjanja-conference kategorije_dogadjanja-scientific-conferences-and-events\">\n<h2 class=\"wp-block-post-title\"><a href=\"https:\/\/pravri.uniri.hr\/en\/dogadjanja\/international-maritime-and-transport-law-conference-transport-law-de-lege-ferenda\/\" target=\"_self\" >International Maritime and Transport Law Conference \u2013 Transport Law De Lege Ferenda<\/a><\/h2>\n\n<div class=\"wp-block-post-excerpt\"><p class=\"wp-block-post-excerpt__excerpt\">Faculty of Law in Rijeka and Croatian Maritime Law Association are co-organisers of the International Maritime and Transport Law Conference \u2013 Transport Law De Lege Ferenda, which will be held in Dubrovnik, at the Inter-university Center, from 3 to 6 September 2025.<\/p><p class=\"wp-block-post-excerpt__more-text\"><a class=\"wp-block-post-excerpt__more-link\" href=\"https:\/\/pravri.uniri.hr\/en\/dogadjanja\/international-maritime-and-transport-law-conference-transport-law-de-lege-ferenda\/\">Pro\u010ditaj vi\u0161e<\/a><\/p><\/div>\n<\/li><li class=\"wp-block-post post-12019 dogadjanja type-dogadjanja status-publish has-post-thumbnail hentry kategorije_dogadjanja-conference kategorije_dogadjanja-giornata-di-studio-del-nord-adriatico-en kategorije_dogadjanja-scientific-conferences-and-events lokacije_dogadjanja-faculty-of-law lokacije_dogadjanja-rijeka\">\n<h2 class=\"wp-block-post-title\"><a href=\"https:\/\/pravri.uniri.hr\/en\/dogadjanja\/giornata-di-studio-del-nord-adriatico-temi-giuridici-di-attualita-2025\/\" target=\"_self\" >Giornata di studio del Nord Adriatico \u2013 temi giuridici di attualit\u00e0 2025.<\/a><\/h2>\n\n<div class=\"wp-block-post-excerpt\"><p class=\"wp-block-post-excerpt__excerpt\">The 2025 edition of the traditional Italian-language conference, titled in English &#8220;North Adriatic Scientific Colloquium \u2013 Current Legal Topics&#8221;, will take place on 22 September. This year&#8217;s programme includes several sessions, among them one dedicated to the historical and legal perspectives on the Osimo Agreement, marking its 50th anniversary. The programme, abstracts and access information&hellip;<\/p><p class=\"wp-block-post-excerpt__more-text\"><a class=\"wp-block-post-excerpt__more-link\" href=\"https:\/\/pravri.uniri.hr\/en\/dogadjanja\/giornata-di-studio-del-nord-adriatico-temi-giuridici-di-attualita-2025\/\">Pro\u010ditaj vi\u0161e<\/a><\/p><\/div>\n<\/li><li class=\"wp-block-post post-9561 dogadjanja type-dogadjanja status-publish has-post-thumbnail hentry kategorije_dogadjanja-scientific-conferences-and-events\">\n<h2 class=\"wp-block-post-title\"><a href=\"https:\/\/pravri.uniri.hr\/en\/dogadjanja\/8th-international-legal-linguistics-workshop-illws25\/\" target=\"_self\" >8th International Legal Linguistics Workshop (ILLWS25)<\/a><\/h2>\n\n<div class=\"wp-block-post-excerpt\"><p class=\"wp-block-post-excerpt__excerpt\">The focus of the workshop is on: \u201cLaw and Language in the Past, Present, and Future: Local, Regional, and Global Perspectives\u201d Program Official website<\/p><p class=\"wp-block-post-excerpt__more-text\"><a class=\"wp-block-post-excerpt__more-link\" href=\"https:\/\/pravri.uniri.hr\/en\/dogadjanja\/8th-international-legal-linguistics-workshop-illws25\/\">Pro\u010ditaj vi\u0161e<\/a><\/p><\/div>\n<\/li><li class=\"wp-block-post post-9086 dogadjanja type-dogadjanja status-publish has-post-thumbnail hentry kategorije_dogadjanja-law-conference-petar-simonetti kategorije_dogadjanja-scientific-conferences-and-events\">\n<h2 class=\"wp-block-post-title\"><a href=\"https:\/\/pravri.uniri.hr\/en\/dogadjanja\/31st-international-law-conference-petar-simonetti-ownership-obligations-procedure\/\" target=\"_self\" >31st International Law Conference \u201cPetar Simonetti\u201d (Ownership \u2013 Obligations \u2013 Procedure)<\/a><\/h2>\n\n<div class=\"wp-block-post-excerpt\"><p class=\"wp-block-post-excerpt__excerpt\">\ud83d\udcc5 31. Me\u0111unarodno savjetovanje pravnika &#8220;Petar Simonetti&#8221; (vlasni\u0161tvo &#8211; obveze &#8211; postupak)\ud83d\udccd Hotel Diamant, Pore\u010d\ud83d\uddd3\ufe0f 9. &#8211; 11. travnja 2025. Po\u0161tovane kolegice i kolege, s osobitim zadovoljstvom najavljujemo 31. Me\u0111unarodno savjetovanje pravnika &#8220;Petar Simonetti&#8221; (vlasni\u0161tvo &#8211; obveze &#8211; postupak), posve\u0107eno aktualnim temama i izazovima iz podru\u010dja prava. Zabilje\u017eite datum u svojim kalendarima i pridru\u017eite se&hellip;<\/p><p class=\"wp-block-post-excerpt__more-text\"><a class=\"wp-block-post-excerpt__more-link\" href=\"https:\/\/pravri.uniri.hr\/en\/dogadjanja\/31st-international-law-conference-petar-simonetti-ownership-obligations-procedure\/\">Pro\u010ditaj vi\u0161e<\/a><\/p><\/div>\n<\/li><\/ul>\n\n<nav class=\"wp-block-query-pagination is-layout-flex wp-block-query-pagination-is-layout-flex\" aria-label=\"Pagination\">\n\n\n<div class=\"wp-block-query-pagination-numbers\"><span aria-current=\"page\" class=\"page-numbers current\">1<\/span>\n<a class=\"page-numbers\" href=\"?query-9-page=2\">2<\/a>\n<a class=\"page-numbers\" href=\"?query-9-page=3\">3<\/a>\n<span class=\"page-numbers dots\">&hellip;<\/span>\n<a class=\"page-numbers\" href=\"?query-9-page=9\">9<\/a><\/div>\n\n<a href=\"\/en\/wp-json\/wp\/v2\/pages\/8495?query-9-page=2\" class=\"wp-block-query-pagination-next\">\u00bb<\/a>\n<\/nav><\/div>\n","protected":false},"excerpt":{"rendered":"","protected":false},"author":4,"featured_media":7423,"parent":8491,"menu_order":2,"comment_status":"closed","ping_status":"closed","template":"","meta":{"_acf_changed":false,"ub_ctt_via":"","footnotes":""},"class_list":["post-8495","page","type-page","status-publish","has-post-thumbnail","hentry"],"acf":[],"featured_image_src":"https:\/\/pravri.uniri.hr\/wp-content\/uploads\/2024\/09\/znanost-i-istrazivanje.jpg","_links":{"self":[{"href":"https:\/\/pravri.uniri.hr\/en\/wp-json\/wp\/v2\/pages\/8495","targetHints":{"allow":["GET"]}}],"collection":[{"href":"https:\/\/pravri.uniri.hr\/en\/wp-json\/wp\/v2\/pages"}],"about":[{"href":"https:\/\/pravri.uniri.hr\/en\/wp-json\/wp\/v2\/types\/page"}],"author":[{"embeddable":true,"href":"https:\/\/pravri.uniri.hr\/en\/wp-json\/wp\/v2\/users\/4"}],"replies":[{"embeddable":true,"href":"https:\/\/pravri.uniri.hr\/en\/wp-json\/wp\/v2\/comments?post=8495"}],"version-history":[{"count":2,"href":"https:\/\/pravri.uniri.hr\/en\/wp-json\/wp\/v2\/pages\/8495\/revisions"}],"predecessor-version":[{"id":9139,"href":"https:\/\/pravri.uniri.hr\/en\/wp-json\/wp\/v2\/pages\/8495\/revisions\/9139"}],"up":[{"embeddable":true,"href":"https:\/\/pravri.uniri.hr\/en\/wp-json\/wp\/v2\/pages\/8491"}],"wp:featuredmedia":[{"embeddable":true,"href":"https:\/\/pravri.uniri.hr\/en\/wp-json\/wp\/v2\/media\/7423"}],"wp:attachment":[{"href":"https:\/\/pravri.uniri.hr\/en\/wp-json\/wp\/v2\/media?parent=8495"}],"curies":[{"name":"wp","href":"https:\/\/api.w.org\/{rel}","templated":true}]}}