{"id":8497,"date":"2024-06-20T09:02:18","date_gmt":"2024-06-20T09:02:18","guid":{"rendered":"https:\/\/pravri.uniri.hr\/?page_id=8497"},"modified":"2025-01-27T09:27:23","modified_gmt":"2025-01-27T09:27:23","slug":"law-conference-petar-simonetti","status":"publish","type":"page","link":"https:\/\/pravri.uniri.hr\/en\/science-and-research\/conferences-and-events\/law-conference-petar-simonetti\/","title":{"rendered":"Law conference &#8220;Petar Simonetti&#8221;"},"content":{"rendered":"\n<div class=\"wp-block-query UNIRI-query-loop-block no-title is-layout-flow wp-block-query-is-layout-flow\"><ul class=\"wp-block-post-template is-layout-flow wp-block-post-template-is-layout-flow\"><li class=\"wp-block-post post-9086 dogadjanja type-dogadjanja status-publish has-post-thumbnail hentry kategorije_dogadjanja-law-conference-petar-simonetti kategorije_dogadjanja-scientific-conferences-and-events\">\n<h2 class=\"wp-block-post-title\"><a href=\"https:\/\/pravri.uniri.hr\/en\/dogadjanja\/31st-international-law-conference-petar-simonetti-ownership-obligations-procedure\/\" target=\"_self\" >31st International Law Conference \u201cPetar Simonetti\u201d (Ownership \u2013 Obligations \u2013 Procedure)<\/a><\/h2>\n\n<div class=\"wp-block-post-excerpt\"><p class=\"wp-block-post-excerpt__excerpt\">\ud83d\udcc5 31. Me\u0111unarodno savjetovanje pravnika &#8220;Petar Simonetti&#8221; (vlasni\u0161tvo &#8211; obveze &#8211; postupak)\ud83d\udccd Hotel Diamant, Pore\u010d\ud83d\uddd3\ufe0f 9. &#8211; 11. travnja 2025. Po\u0161tovane kolegice i kolege, s osobitim zadovoljstvom najavljujemo 31. Me\u0111unarodno savjetovanje pravnika &#8220;Petar Simonetti&#8221; (vlasni\u0161tvo &#8211; obveze &#8211; postupak), posve\u0107eno aktualnim temama i izazovima iz podru\u010dja prava. Zabilje\u017eite datum u svojim kalendarima i pridru\u017eite se&hellip;<\/p><p class=\"wp-block-post-excerpt__more-text\"><a class=\"wp-block-post-excerpt__more-link\" href=\"https:\/\/pravri.uniri.hr\/en\/dogadjanja\/31st-international-law-conference-petar-simonetti-ownership-obligations-procedure\/\">Pro\u010ditaj vi\u0161e<\/a><\/p><\/div>\n<\/li><li class=\"wp-block-post post-9087 dogadjanja type-dogadjanja status-publish hentry kategorije_dogadjanja-law-conference-petar-simonetti kategorije_dogadjanja-scientific-conferences-and-events\">\n<h2 class=\"wp-block-post-title\"><a href=\"https:\/\/pravri.uniri.hr\/en\/dogadjanja\/30th-international-law-conference-petar-simonetti-ownership-obligations-procedure\/\" target=\"_self\" >30th International Law Conference \u201cPetar Simonetti\u201d (Ownership \u2013 Obligations \u2013 Procedure)<\/a><\/h2>\n\n<div class=\"wp-block-post-excerpt\"><p class=\"wp-block-post-excerpt__excerpt\"><\/p><p class=\"wp-block-post-excerpt__more-text\"><a class=\"wp-block-post-excerpt__more-link\" href=\"https:\/\/pravri.uniri.hr\/en\/dogadjanja\/30th-international-law-conference-petar-simonetti-ownership-obligations-procedure\/\">Pro\u010ditaj vi\u0161e<\/a><\/p><\/div>\n<\/li><li class=\"wp-block-post post-9088 dogadjanja type-dogadjanja status-publish hentry kategorije_dogadjanja-law-conference-petar-simonetti kategorije_dogadjanja-scientific-conferences-and-events\">\n<h2 class=\"wp-block-post-title\"><a href=\"https:\/\/pravri.uniri.hr\/en\/dogadjanja\/29th-international-law-conference-petar-simonetti-ownership-obligations-procedure\/\" target=\"_self\" >29th International Law Conference \u201cPetar Simonetti\u201d (Ownership \u2013 Obligations \u2013 Procedure)<\/a><\/h2>\n\n<div class=\"wp-block-post-excerpt\"><p class=\"wp-block-post-excerpt__excerpt\"><\/p><p class=\"wp-block-post-excerpt__more-text\"><a class=\"wp-block-post-excerpt__more-link\" href=\"https:\/\/pravri.uniri.hr\/en\/dogadjanja\/29th-international-law-conference-petar-simonetti-ownership-obligations-procedure\/\">Pro\u010ditaj vi\u0161e<\/a><\/p><\/div>\n<\/li><li class=\"wp-block-post post-9093 dogadjanja type-dogadjanja status-publish hentry kategorije_dogadjanja-law-conference-petar-simonetti kategorije_dogadjanja-scientific-conferences-and-events\">\n<h2 class=\"wp-block-post-title\"><a href=\"https:\/\/pravri.uniri.hr\/en\/dogadjanja\/28th-international-law-conference-petar-simonetti-ownership-obligations-procedure\/\" target=\"_self\" >28th International Law Conference \u201cPetar Simonetti\u201d (Ownership \u2013 Obligations \u2013 Procedure)<\/a><\/h2>\n\n<div class=\"wp-block-post-excerpt\"><p class=\"wp-block-post-excerpt__excerpt\"><\/p><p class=\"wp-block-post-excerpt__more-text\"><a class=\"wp-block-post-excerpt__more-link\" href=\"https:\/\/pravri.uniri.hr\/en\/dogadjanja\/28th-international-law-conference-petar-simonetti-ownership-obligations-procedure\/\">Pro\u010ditaj vi\u0161e<\/a><\/p><\/div>\n<\/li><li class=\"wp-block-post post-9094 dogadjanja type-dogadjanja status-publish hentry kategorije_dogadjanja-law-conference-petar-simonetti kategorije_dogadjanja-scientific-conferences-and-events\">\n<h2 class=\"wp-block-post-title\"><a href=\"https:\/\/pravri.uniri.hr\/en\/dogadjanja\/27th-international-law-conference-petar-simonetti-ownership-obligations-procedure\/\" target=\"_self\" >27th International Law Conference \u201cPetar Simonetti\u201d (Ownership \u2013 Obligations \u2013 Procedure)<\/a><\/h2>\n\n<div class=\"wp-block-post-excerpt\"><p class=\"wp-block-post-excerpt__excerpt\"><\/p><p class=\"wp-block-post-excerpt__more-text\"><a class=\"wp-block-post-excerpt__more-link\" href=\"https:\/\/pravri.uniri.hr\/en\/dogadjanja\/27th-international-law-conference-petar-simonetti-ownership-obligations-procedure\/\">Pro\u010ditaj vi\u0161e<\/a><\/p><\/div>\n<\/li><li class=\"wp-block-post post-9095 dogadjanja type-dogadjanja status-publish hentry kategorije_dogadjanja-law-conference-petar-simonetti kategorije_dogadjanja-scientific-conferences-and-events\">\n<h2 class=\"wp-block-post-title\"><a href=\"https:\/\/pravri.uniri.hr\/en\/dogadjanja\/26th-international-law-conference-petar-simonetti-ownership-obligations-procedure\/\" target=\"_self\" >26th International Law Conference \u201cPetar Simonetti\u201d (Ownership \u2013 Obligations \u2013 Procedure)<\/a><\/h2>\n\n<div class=\"wp-block-post-excerpt\"><p class=\"wp-block-post-excerpt__excerpt\"><\/p><p class=\"wp-block-post-excerpt__more-text\"><a class=\"wp-block-post-excerpt__more-link\" href=\"https:\/\/pravri.uniri.hr\/en\/dogadjanja\/26th-international-law-conference-petar-simonetti-ownership-obligations-procedure\/\">Pro\u010ditaj vi\u0161e<\/a><\/p><\/div>\n<\/li><\/ul>\n\n<nav class=\"wp-block-query-pagination is-layout-flex wp-block-query-pagination-is-layout-flex\" aria-label=\"Pagination\">\n\n\n<div class=\"wp-block-query-pagination-numbers\"><span aria-current=\"page\" class=\"page-numbers current\">1<\/span>\n<a class=\"page-numbers\" href=\"?query-9-page=2\">2<\/a>\n<a class=\"page-numbers\" href=\"?query-9-page=3\">3<\/a><\/div>\n\n<a href=\"\/en\/wp-json\/wp\/v2\/pages\/8497?query-9-page=2\" class=\"wp-block-query-pagination-next\">\u00bb<\/a>\n<\/nav><\/div>\n","protected":false},"excerpt":{"rendered":"","protected":false},"author":4,"featured_media":7423,"parent":8495,"menu_order":1,"comment_status":"closed","ping_status":"closed","template":"","meta":{"_acf_changed":false,"ub_ctt_via":"","footnotes":""},"class_list":["post-8497","page","type-page","status-publish","has-post-thumbnail","hentry"],"acf":[],"featured_image_src":"https:\/\/pravri.uniri.hr\/wp-content\/uploads\/2024\/09\/znanost-i-istrazivanje.jpg","_links":{"self":[{"href":"https:\/\/pravri.uniri.hr\/en\/wp-json\/wp\/v2\/pages\/8497","targetHints":{"allow":["GET"]}}],"collection":[{"href":"https:\/\/pravri.uniri.hr\/en\/wp-json\/wp\/v2\/pages"}],"about":[{"href":"https:\/\/pravri.uniri.hr\/en\/wp-json\/wp\/v2\/types\/page"}],"author":[{"embeddable":true,"href":"https:\/\/pravri.uniri.hr\/en\/wp-json\/wp\/v2\/users\/4"}],"replies":[{"embeddable":true,"href":"https:\/\/pravri.uniri.hr\/en\/wp-json\/wp\/v2\/comments?post=8497"}],"version-history":[{"count":2,"href":"https:\/\/pravri.uniri.hr\/en\/wp-json\/wp\/v2\/pages\/8497\/revisions"}],"predecessor-version":[{"id":9075,"href":"https:\/\/pravri.uniri.hr\/en\/wp-json\/wp\/v2\/pages\/8497\/revisions\/9075"}],"up":[{"embeddable":true,"href":"https:\/\/pravri.uniri.hr\/en\/wp-json\/wp\/v2\/pages\/8495"}],"wp:featuredmedia":[{"embeddable":true,"href":"https:\/\/pravri.uniri.hr\/en\/wp-json\/wp\/v2\/media\/7423"}],"wp:attachment":[{"href":"https:\/\/pravri.uniri.hr\/en\/wp-json\/wp\/v2\/media?parent=8497"}],"curies":[{"name":"wp","href":"https:\/\/api.w.org\/{rel}","templated":true}]}}