{"id":8523,"date":"2024-06-20T09:07:29","date_gmt":"2024-06-20T09:07:29","guid":{"rendered":"https:\/\/pravri.uniri.hr\/?page_id=8523"},"modified":"2025-01-21T10:31:31","modified_gmt":"2025-01-21T10:31:31","slug":"cooperation-agreements","status":"publish","type":"page","link":"https:\/\/pravri.uniri.hr\/en\/science-and-research\/mobility-and-internationalisation\/cooperation-agreements\/","title":{"rendered":"Cooperation Agreements"},"content":{"rendered":"\n<p>Our Faculty is a proud signatory of a number of bilateral agreements and memoranda of understanding with higher education and research institutions from abroad. These agreement have the primary aim to strengthen and further co-operation in the areas of teaching, research, and projects with our foreign partners.&nbsp;<\/p>\n\n\n\n<p>At the moment these bilateral agreements are in force:<\/p>\n\n\n\n<ul class=\"wp-block-list\">\n<li>University of Macerata<\/li>\n\n\n\n<li>University of Trieste<\/li>\n\n\n\n<li>University of Rostock<\/li>\n\n\n\n<li>University of Applied Sciences of Ludwigsburg<\/li>\n\n\n\n<li>University of Ljubljana Faculty of Law<\/li>\n\n\n\n<li>E\u00f6tv\u00f6s Lor\u00e1nd University Faculty of Law<\/li>\n\n\n\n<li>University of P\u00e9cs<\/li>\n\n\n\n<li>British Institute of International and Comparative Law<\/li>\n\n\n\n<li>Kyiv University of Law of the National Academy of Sciences<\/li>\n\n\n\n<li>University of Sarajevo, Faculty of Law\u00a0<\/li>\n\n\n\n<li>University Sts Kiril and Metodij, Iustinianus Primus School of Law<\/li>\n\n\n\n<li>Globernance Instituto de Gobernanza Democratica AEIE, San Sebastian<\/li>\n\n\n\n<li>Universidad Abierta Interamericana in Argentina.<\/li>\n<\/ul>\n","protected":false},"excerpt":{"rendered":"<p>Our Faculty is a proud signatory of a number of bilateral agreements and memoranda of understanding with higher education and research institutions from abroad. These agreement have the primary aim to strengthen and further co-operation in the areas of teaching, research, and projects with our foreign partners.&nbsp; At the moment these bilateral agreements are in [&hellip;]<\/p>\n","protected":false},"author":4,"featured_media":7423,"parent":8517,"menu_order":3,"comment_status":"closed","ping_status":"closed","template":"","meta":{"_acf_changed":false,"ub_ctt_via":"","footnotes":""},"class_list":["post-8523","page","type-page","status-publish","has-post-thumbnail","hentry"],"acf":[],"featured_image_src":"https:\/\/pravri.uniri.hr\/wp-content\/uploads\/2024\/09\/znanost-i-istrazivanje.jpg","_links":{"self":[{"href":"https:\/\/pravri.uniri.hr\/en\/wp-json\/wp\/v2\/pages\/8523","targetHints":{"allow":["GET"]}}],"collection":[{"href":"https:\/\/pravri.uniri.hr\/en\/wp-json\/wp\/v2\/pages"}],"about":[{"href":"https:\/\/pravri.uniri.hr\/en\/wp-json\/wp\/v2\/types\/page"}],"author":[{"embeddable":true,"href":"https:\/\/pravri.uniri.hr\/en\/wp-json\/wp\/v2\/users\/4"}],"replies":[{"embeddable":true,"href":"https:\/\/pravri.uniri.hr\/en\/wp-json\/wp\/v2\/comments?post=8523"}],"version-history":[{"count":2,"href":"https:\/\/pravri.uniri.hr\/en\/wp-json\/wp\/v2\/pages\/8523\/revisions"}],"predecessor-version":[{"id":8952,"href":"https:\/\/pravri.uniri.hr\/en\/wp-json\/wp\/v2\/pages\/8523\/revisions\/8952"}],"up":[{"embeddable":true,"href":"https:\/\/pravri.uniri.hr\/en\/wp-json\/wp\/v2\/pages\/8517"}],"wp:featuredmedia":[{"embeddable":true,"href":"https:\/\/pravri.uniri.hr\/en\/wp-json\/wp\/v2\/media\/7423"}],"wp:attachment":[{"href":"https:\/\/pravri.uniri.hr\/en\/wp-json\/wp\/v2\/media?parent=8523"}],"curies":[{"name":"wp","href":"https:\/\/api.w.org\/{rel}","templated":true}]}}