{"id":8526,"date":"2024-06-20T09:08:19","date_gmt":"2024-06-20T09:08:19","guid":{"rendered":"https:\/\/pravri.uniri.hr\/?page_id=8526"},"modified":"2026-02-26T17:28:34","modified_gmt":"2026-02-26T17:28:34","slug":"awards","status":"publish","type":"page","link":"https:\/\/pravri.uniri.hr\/en\/science-and-research\/awards\/","title":{"rendered":"Faculty Awards"},"content":{"rendered":"\n<p>Our distinguished researchers are awarded with the Faculty\u2019s annual research awards in two categories: the Award for Research Excellence and the Award for the Best Research Paper in a Foreign Journal. The procedure and criteria for awarding are defined by the <a href=\"https:\/\/www.pravri.uniri.hr\/files\/Dokumenti\/Odlukaoznanstvenimnagradama.pdf\">Decision on Research Awards of the Faculty of Law in Rijeka<\/a>.<\/p>\n\n\n<div class=\"wp-block-ub-content-toggle wp-block-ub-content-toggle-block\" id=\"ub-content-toggle-block-b1052bfb-37ad-438e-bcfb-3e7631fd2efd\" data-mobilecollapse=\"false\" data-desktopcollapse=\"true\" data-preventcollapse=\"false\" data-showonlyone=\"false\">\n<div class=\"wp-block-ub-content-toggle-accordion\" style=\"border-color: #f1f1f1;\" id=\"ub-content-toggle-panel-block-\">\n\t\t\t<div class=\"wp-block-ub-content-toggle-accordion-title-wrap\" style=\"background-color: #f1f1f1;\" aria-controls=\"ub-content-toggle-panel-0-b1052bfb-37ad-438e-bcfb-3e7631fd2efd\" tabindex=\"0\">\n\t\t\t<p class=\"wp-block-ub-content-toggle-accordion-title ub-content-toggle-title-b1052bfb-37ad-438e-bcfb-3e7631fd2efd\" style=\"color: #000000; \">Awards for Research Excellence<\/p>\n\t\t\t<div class=\"wp-block-ub-content-toggle-accordion-toggle-wrap right\" style=\"color: #000000;\"><span class=\"wp-block-ub-content-toggle-accordion-state-indicator wp-block-ub-chevron-down\"><\/span><\/div>\n\t\t<\/div>\n\t\t\t<div role=\"region\" aria-expanded=\"false\" class=\"wp-block-ub-content-toggle-accordion-content-wrap ub-hide\" id=\"ub-content-toggle-panel-0-b1052bfb-37ad-438e-bcfb-3e7631fd2efd\">\n<div class=\"wp-block-ub-content-toggle wp-block-ub-content-toggle-block\" id=\"ub-content-toggle-block-3c74da2f-7aa6-4aa2-bb17-229ea020235f\" data-mobilecollapse=\"false\" data-desktopcollapse=\"true\" data-preventcollapse=\"false\" data-showonlyone=\"false\">\n<div class=\"wp-block-ub-content-toggle-accordion\" style=\"border-color: #f1f1f1;\" id=\"ub-content-toggle-panel-block-\">\n\t\t\t<div class=\"wp-block-ub-content-toggle-accordion-title-wrap\" style=\"background-color: #f1f1f1;\" aria-controls=\"ub-content-toggle-panel-0-3c74da2f-7aa6-4aa2-bb17-229ea020235f\" tabindex=\"0\">\n\t\t\t<p class=\"wp-block-ub-content-toggle-accordion-title ub-content-toggle-title-3c74da2f-7aa6-4aa2-bb17-229ea020235f\" style=\"color: #000000; \">2023 \u2013 Prof. Dr. Edita \u010culinovi\u0107-Herc<\/p>\n\t\t\t<div class=\"wp-block-ub-content-toggle-accordion-toggle-wrap right\" style=\"color: #000000;\"><span class=\"wp-block-ub-content-toggle-accordion-state-indicator wp-block-ub-chevron-down\"><\/span><\/div>\n\t\t<\/div>\n\t\t\t<div role=\"region\" aria-expanded=\"false\" class=\"wp-block-ub-content-toggle-accordion-content-wrap ub-hide\" id=\"ub-content-toggle-panel-0-3c74da2f-7aa6-4aa2-bb17-229ea020235f\">\n\n<p>The Research Excellence Award for 2023 was awarded to Professor Edita \u010culinovi\u0107-Herc for her overall contribution to scientific research activities at the Faculty, particularly for successfully completing the UNIRI project <a href=\"https:\/\/pravri.uniri.hr\/en\/project\/legal-aspects-of-companies-restructuring-and-transition-towards-new-corporate-governance-culture\/\">\u201cLegal Aspects of Companies Restructuring and Transition Towards New Corporate Governance Culture\u201d<\/a>, which ran from 2019 to 2023. The project concluded with a final conference \u201cCompanies at a Crossroad \u2013 A Way Forward\u201d, held on 10 November 2023 and organized by the Faculty and under the patronage of the Croatian Academy of Sciences and Arts (HAZU).<\/p>\n\n<\/div>\n\t\t<\/div>\n\n<div class=\"wp-block-ub-content-toggle-accordion\" style=\"border-color: #f1f1f1;\" id=\"ub-content-toggle-panel-block-\">\n\t\t\t<div class=\"wp-block-ub-content-toggle-accordion-title-wrap\" style=\"background-color: #f1f1f1;\" aria-controls=\"ub-content-toggle-panel-1-3c74da2f-7aa6-4aa2-bb17-229ea020235f\" tabindex=\"0\">\n\t\t\t<p class=\"wp-block-ub-content-toggle-accordion-title ub-content-toggle-title-3c74da2f-7aa6-4aa2-bb17-229ea020235f\" style=\"color: #000000; \">2021 \u2013 Prof. Dr. Sanja Bari\u0107<\/p>\n\t\t\t<div class=\"wp-block-ub-content-toggle-accordion-toggle-wrap right\" style=\"color: #000000;\"><span class=\"wp-block-ub-content-toggle-accordion-state-indicator wp-block-ub-chevron-down\"><\/span><\/div>\n\t\t<\/div>\n\t\t\t<div role=\"region\" aria-expanded=\"false\" class=\"wp-block-ub-content-toggle-accordion-content-wrap ub-hide\" id=\"ub-content-toggle-panel-1-3c74da2f-7aa6-4aa2-bb17-229ea020235f\">\n\n<p>The Research Excellence Award for 2021 was awarded to Professor Sanja Bari\u0107 for her overall contribution to scientific research activities at the Faculty, particularly for her participation in the project co-financed by the EU HORIZON2020 Program\u00a0<a href=\"https:\/\/gender-spear.eu\/\">Supporting and Implementing Plans for Gender Equality in Academia and Research &#8211; SPEAR<\/a>.<\/p>\n\n<\/div>\n\t\t<\/div>\n\n<div class=\"wp-block-ub-content-toggle-accordion\" style=\"border-color: #f1f1f1;\" id=\"ub-content-toggle-panel-block-\">\n\t\t\t<div class=\"wp-block-ub-content-toggle-accordion-title-wrap\" style=\"background-color: #f1f1f1;\" aria-controls=\"ub-content-toggle-panel-2-3c74da2f-7aa6-4aa2-bb17-229ea020235f\" tabindex=\"0\">\n\t\t\t<p class=\"wp-block-ub-content-toggle-accordion-title ub-content-toggle-title-3c74da2f-7aa6-4aa2-bb17-229ea020235f\" style=\"color: #000000; \">2020 \u2013 Prof. Dr. Sandra Winkler<\/p>\n\t\t\t<div class=\"wp-block-ub-content-toggle-accordion-toggle-wrap right\" style=\"color: #000000;\"><span class=\"wp-block-ub-content-toggle-accordion-state-indicator wp-block-ub-chevron-down\"><\/span><\/div>\n\t\t<\/div>\n\t\t\t<div role=\"region\" aria-expanded=\"false\" class=\"wp-block-ub-content-toggle-accordion-content-wrap ub-hide\" id=\"ub-content-toggle-panel-2-3c74da2f-7aa6-4aa2-bb17-229ea020235f\">\n\n<p>The Research Excellence Award for 2020 was presented to Professor Sandra Winkler for her overall contribution to scientific research activities at the Faculty, particularly for her participation in the project co-financed by the EU Justice Program: <a href=\"http:\/\/www.euro-family.eu\/\">\u201cPersonalized Solutions in European Family and Succession Law \u2013 PSEFS\u201d<\/a>. In addition, in 2020, she participated in two other projects: the international project <a href=\"https:\/\/ecpe.unicam.it\/en\">\u201cEnabling Consumer to Become Prosumer in the Energy Transition Era \u2013 ECPE\u201d<\/a>, and the UNIRI project <a href=\"https:\/\/pravri.uniri.hr\/en\/project\/digital-transformation-of-society-legal-aspects\/\">\u201cDigital Transformation of Society: Legal Aspects\u201d<\/a>.<\/p>\n\n<\/div>\n\t\t<\/div>\n\n<div class=\"wp-block-ub-content-toggle-accordion\" style=\"border-color: #f1f1f1;\" id=\"ub-content-toggle-panel-block-\">\n\t\t\t<div class=\"wp-block-ub-content-toggle-accordion-title-wrap\" style=\"background-color: #f1f1f1;\" aria-controls=\"ub-content-toggle-panel-3-3c74da2f-7aa6-4aa2-bb17-229ea020235f\" tabindex=\"0\">\n\t\t\t<p class=\"wp-block-ub-content-toggle-accordion-title ub-content-toggle-title-3c74da2f-7aa6-4aa2-bb17-229ea020235f\" style=\"color: #000000; \">2019 \u2013 Prof. Dr. Ivana Kunda<\/p>\n\t\t\t<div class=\"wp-block-ub-content-toggle-accordion-toggle-wrap right\" style=\"color: #000000;\"><span class=\"wp-block-ub-content-toggle-accordion-state-indicator wp-block-ub-chevron-down\"><\/span><\/div>\n\t\t<\/div>\n\t\t\t<div role=\"region\" aria-expanded=\"false\" class=\"wp-block-ub-content-toggle-accordion-content-wrap ub-hide\" id=\"ub-content-toggle-panel-3-3c74da2f-7aa6-4aa2-bb17-229ea020235f\">\n\n<p>The Research Excellence Award for 2019 was presented to Professor Ivana Kunda for her overall contribution to scientific research activities at the Faculty, particularly for her successful leadership and participation in several projects in 2019, including four projects funded by the EU Justice Program:\u00a0<a href=\"https:\/\/www.pf.um.si\/en\/acj\/projects\/pr09-eu-en4s\/\">Diversity of Enforcement Titles in Cross-Border Debt Collection in the EU \u2013 EU_En4s<\/a>,\u00a0<a href=\"https:\/\/pf.um.si\/en\/acj\/projects\/pr10-train2en4ce\/\">Train to enforce &#8211; Train2 EN4CE<\/a>,\u00a0<a href=\"http:\/\/www.euro-family.eu\/\">Personalized Solution in European Family and Succession Law \u2013PSEFS<\/a>\u00a0i\u00a0<a href=\"http:\/\/www2.ipr.uni-heidelberg.de\/eufams\/index.php?lang=en\">Facilitating Cross-Border Family Life: Towards a Common European Understanding \u2013 EUFams II<\/a>.\u00a0<\/p>\n\n<\/div>\n\t\t<\/div>\n\n<div class=\"wp-block-ub-content-toggle-accordion\" style=\"border-color: #f1f1f1;\" id=\"ub-content-toggle-panel-block-\">\n\t\t\t<div class=\"wp-block-ub-content-toggle-accordion-title-wrap\" style=\"background-color: #f1f1f1;\" aria-controls=\"ub-content-toggle-panel-4-3c74da2f-7aa6-4aa2-bb17-229ea020235f\" tabindex=\"0\">\n\t\t\t<p class=\"wp-block-ub-content-toggle-accordion-title ub-content-toggle-title-3c74da2f-7aa6-4aa2-bb17-229ea020235f\" style=\"color: #000000; \">2018 \u2013 Prof. Dr. Edita \u010culinovi\u0107-Herc<\/p>\n\t\t\t<div class=\"wp-block-ub-content-toggle-accordion-toggle-wrap right\" style=\"color: #000000;\"><span class=\"wp-block-ub-content-toggle-accordion-state-indicator wp-block-ub-chevron-down\"><\/span><\/div>\n\t\t<\/div>\n\t\t\t<div role=\"region\" aria-expanded=\"false\" class=\"wp-block-ub-content-toggle-accordion-content-wrap ub-hide\" id=\"ub-content-toggle-panel-4-3c74da2f-7aa6-4aa2-bb17-229ea020235f\">\n\n<p>The Research Excellence Award for 2018 was presented to Professor Edita \u010culinovi\u0107-Herc for her overall contribution to scientific research activities at the Faculty, particularly for successfully completing the project funded by the Croatian Science Foundation (HRZZ) <a href=\"http:\/\/en.croatiamergers.eu\/\">\u201cLegal Aspects of Corporate Acquisitions and Knowledge-Driven Companies&#8217; Restructuring\u201d<\/a>, which ran from February 2015 to January 2019.<\/p>\n\n<\/div>\n\t\t<\/div>\n<\/div>\n<\/div>\n\t\t<\/div>\n\n<div class=\"wp-block-ub-content-toggle-accordion\" style=\"border-color: #f1f1f1;\" id=\"ub-content-toggle-panel-block-\">\n\t\t\t<div class=\"wp-block-ub-content-toggle-accordion-title-wrap\" style=\"background-color: #f1f1f1;\" aria-controls=\"ub-content-toggle-panel-1-b1052bfb-37ad-438e-bcfb-3e7631fd2efd\" tabindex=\"0\">\n\t\t\t<p class=\"wp-block-ub-content-toggle-accordion-title ub-content-toggle-title-b1052bfb-37ad-438e-bcfb-3e7631fd2efd\" style=\"color: #000000; \">Awards for the Best Research Paper in a Foreign Journal<\/p>\n\t\t\t<div class=\"wp-block-ub-content-toggle-accordion-toggle-wrap right\" style=\"color: #000000;\"><span class=\"wp-block-ub-content-toggle-accordion-state-indicator wp-block-ub-chevron-down\"><\/span><\/div>\n\t\t<\/div>\n\t\t\t<div role=\"region\" aria-expanded=\"false\" class=\"wp-block-ub-content-toggle-accordion-content-wrap ub-hide\" id=\"ub-content-toggle-panel-1-b1052bfb-37ad-438e-bcfb-3e7631fd2efd\">\n<div class=\"wp-block-ub-content-toggle wp-block-ub-content-toggle-block\" id=\"ub-content-toggle-block-06d37618-9595-4e56-ab5a-3fcb93567c33\" data-mobilecollapse=\"false\" data-desktopcollapse=\"true\" data-preventcollapse=\"false\" data-showonlyone=\"false\">\n<div class=\"wp-block-ub-content-toggle-accordion\" style=\"border-color: #f1f1f1;\" id=\"ub-content-toggle-panel-block-\">\n\t\t\t<div class=\"wp-block-ub-content-toggle-accordion-title-wrap\" style=\"background-color: #f1f1f1;\" aria-controls=\"ub-content-toggle-panel-0-06d37618-9595-4e56-ab5a-3fcb93567c33\" tabindex=\"0\">\n\t\t\t<p class=\"wp-block-ub-content-toggle-accordion-title ub-content-toggle-title-06d37618-9595-4e56-ab5a-3fcb93567c33\" style=\"color: #000000; \">2024 &#8211; Prof. Dr. Vlatka Butorac Malnar and Prof. Dr. Ivana Kunda<\/p>\n\t\t\t<div class=\"wp-block-ub-content-toggle-accordion-toggle-wrap right\" style=\"color: #000000;\"><span class=\"wp-block-ub-content-toggle-accordion-state-indicator wp-block-ub-chevron-down\"><\/span><\/div>\n\t\t<\/div>\n\t\t\t<div role=\"region\" aria-expanded=\"false\" class=\"wp-block-ub-content-toggle-accordion-content-wrap ub-hide\" id=\"ub-content-toggle-panel-0-06d37618-9595-4e56-ab5a-3fcb93567c33\">\n\n<p>The Award for the Best Research Paper in a Foreign Journal in 2024 was given to Professor Vlatka Butorac Malnar and Professor Ivana Kunda for their article <a href=\"https:\/\/testcdn.kluwerlawonline.com\/journalarticle\/Journal+of+European+Consumer+and+Market+Law\/13.6\/EuCML2024033\" target=\"_blank\" rel=\"noreferrer noopener\">Designating Gatekeepers and Very Large Online Platforms under the EU Digital Acquis, EuCML &#8211; Journal of European consumer and market law, 13 (2024), 6; 242-249.<\/a><\/p>\n\n<\/div>\n\t\t<\/div>\n\n<div class=\"wp-block-ub-content-toggle-accordion\" style=\"border-color: #f1f1f1;\" id=\"ub-content-toggle-panel-block-\">\n\t\t\t<div class=\"wp-block-ub-content-toggle-accordion-title-wrap\" style=\"background-color: #f1f1f1;\" aria-controls=\"ub-content-toggle-panel-1-06d37618-9595-4e56-ab5a-3fcb93567c33\" tabindex=\"0\">\n\t\t\t<p class=\"wp-block-ub-content-toggle-accordion-title ub-content-toggle-title-06d37618-9595-4e56-ab5a-3fcb93567c33\" style=\"color: #000000; \">2023 \u2013 Assist. Prof. Dr. Marko Mrakov\u010di\u0107<\/p>\n\t\t\t<div class=\"wp-block-ub-content-toggle-accordion-toggle-wrap right\" style=\"color: #000000;\"><span class=\"wp-block-ub-content-toggle-accordion-state-indicator wp-block-ub-chevron-down\"><\/span><\/div>\n\t\t<\/div>\n\t\t\t<div role=\"region\" aria-expanded=\"false\" class=\"wp-block-ub-content-toggle-accordion-content-wrap ub-hide\" id=\"ub-content-toggle-panel-1-06d37618-9595-4e56-ab5a-3fcb93567c33\">\n\n<p>The Award for the Best Research Paper in a Foreign Journal in 2023 was given to Assistant Professor Marko Mrakov\u010di\u0107 for his article (co-authored by \u017deljko Boneta) \u201c<a href=\"https:\/\/compass.onlinelibrary.wiley.com\/doi\/full\/10.1111\/soc4.13090\">Religiosity as a predictor of students\u2019 political attitudes<\/a>\u201d, published in Sociology Compass, 17 (2023) 7: e13090,<a href=\"https:\/\/doi.org\/10.1111\/soc4.13090\"> https:\/\/doi.org\/10.1111\/soc4.13090<\/a>.<\/p>\n\n<\/div>\n\t\t<\/div>\n\n<div class=\"wp-block-ub-content-toggle-accordion\" style=\"border-color: #f1f1f1;\" id=\"ub-content-toggle-panel-block-\">\n\t\t\t<div class=\"wp-block-ub-content-toggle-accordion-title-wrap\" style=\"background-color: #f1f1f1;\" aria-controls=\"ub-content-toggle-panel-2-06d37618-9595-4e56-ab5a-3fcb93567c33\" tabindex=\"0\">\n\t\t\t<p class=\"wp-block-ub-content-toggle-accordion-title ub-content-toggle-title-06d37618-9595-4e56-ab5a-3fcb93567c33\" style=\"color: #000000; \">2022 \u2013 Assist. Prof. Dr. Stjepan Gad\u017eo<\/p>\n\t\t\t<div class=\"wp-block-ub-content-toggle-accordion-toggle-wrap right\" style=\"color: #000000;\"><span class=\"wp-block-ub-content-toggle-accordion-state-indicator wp-block-ub-chevron-down\"><\/span><\/div>\n\t\t<\/div>\n\t\t\t<div role=\"region\" aria-expanded=\"false\" class=\"wp-block-ub-content-toggle-accordion-content-wrap ub-hide\" id=\"ub-content-toggle-panel-2-06d37618-9595-4e56-ab5a-3fcb93567c33\">\n\n<p>The Award for the Best Research Paper in a Foreign Journal in 2022 was given to Assistant Professor Stjepan Gad\u017eo for his article (co-authored with \u0160ime Jozipovi\u0107 and Marko Perku\u0161i\u0107) \u201c<a href=\"https:\/\/kluwerlawonline.com\/journalarticle\/EC+Tax+Review\/31.1\/ECTA2022003\">Tax Compliance in the Era of Cryptocurrencies and CBDCs: The End of the Right to Privacy or No Reason for Concern?<\/a>\u201d, published in EC Tax Review, 31(2022) 1: 16\u201329, https:\/\/doi.org\/10.54648\/ecta2022003.<\/p>\n\n<\/div>\n\t\t<\/div>\n\n<div class=\"wp-block-ub-content-toggle-accordion\" style=\"border-color: #f1f1f1;\" id=\"ub-content-toggle-panel-block-\">\n\t\t\t<div class=\"wp-block-ub-content-toggle-accordion-title-wrap\" style=\"background-color: #f1f1f1;\" aria-controls=\"ub-content-toggle-panel-3-06d37618-9595-4e56-ab5a-3fcb93567c33\" tabindex=\"0\">\n\t\t\t<p class=\"wp-block-ub-content-toggle-accordion-title ub-content-toggle-title-06d37618-9595-4e56-ab5a-3fcb93567c33\" style=\"color: #000000; \">2021 \u2013 Assist. Prof. Dr. Marko Mrakov\u010di\u0107<\/p>\n\t\t\t<div class=\"wp-block-ub-content-toggle-accordion-toggle-wrap right\" style=\"color: #000000;\"><span class=\"wp-block-ub-content-toggle-accordion-state-indicator wp-block-ub-chevron-down\"><\/span><\/div>\n\t\t<\/div>\n\t\t\t<div role=\"region\" aria-expanded=\"false\" class=\"wp-block-ub-content-toggle-accordion-content-wrap ub-hide\" id=\"ub-content-toggle-panel-3-06d37618-9595-4e56-ab5a-3fcb93567c33\">\n\n<p>The Award for the Best Research Paper in a Foreign Journal in 2021 was given to Assistant Professor Marko Mrakov\u010di\u0107 for his article (co-authored with Danilo Vukovi\u0107) \u201c<a href=\"https:\/\/www.tandfonline.com\/doi\/abs\/10.1080\/09668136.2021.2019195\">Legitimacy, Independence and Impartiality: How do Serbian and Croatian Legal Professionals Assess Their Judiciaries?<\/a>\u201d, published in Europe-Asia Studies, 74 (2022) 6: 945-967.<\/p>\n\n<\/div>\n\t\t<\/div>\n\n<div class=\"wp-block-ub-content-toggle-accordion\" style=\"border-color: #f1f1f1;\" id=\"ub-content-toggle-panel-block-\">\n\t\t\t<div class=\"wp-block-ub-content-toggle-accordion-title-wrap\" style=\"background-color: #f1f1f1;\" aria-controls=\"ub-content-toggle-panel-4-06d37618-9595-4e56-ab5a-3fcb93567c33\" tabindex=\"0\">\n\t\t\t<p class=\"wp-block-ub-content-toggle-accordion-title ub-content-toggle-title-06d37618-9595-4e56-ab5a-3fcb93567c33\" style=\"color: #000000; \">2020 \u2013 Assist. Prof. Dr. Martina Baj\u010di\u0107 and Katja Dobri\u0107 Basane\u017ee<\/p>\n\t\t\t<div class=\"wp-block-ub-content-toggle-accordion-toggle-wrap right\" style=\"color: #000000;\"><span class=\"wp-block-ub-content-toggle-accordion-state-indicator wp-block-ub-chevron-down\"><\/span><\/div>\n\t\t<\/div>\n\t\t\t<div role=\"region\" aria-expanded=\"false\" class=\"wp-block-ub-content-toggle-accordion-content-wrap ub-hide\" id=\"ub-content-toggle-panel-4-06d37618-9595-4e56-ab5a-3fcb93567c33\">\n\n<p>The Award for the Best Research Paper in a Foreign Journal in 2020 was given to Assistant Professor Martina Baj\u010di\u0107 and Katja Basane\u017ee for their article \u201c<a href=\"https:\/\/www.tandfonline.com\/doi\/full\/10.1080\/0907676X.2020.1794016\">Considering foreignization and domestication in EU legal translation: a corpus-based study<\/a>\u201d, published in Perspectives: Studies in Translatology, 29 (2020) 5: 706-721, doi:10.1080\/0907676X.2020.1794016.<\/p>\n\n<\/div>\n\t\t<\/div>\n\n<div class=\"wp-block-ub-content-toggle-accordion\" style=\"border-color: #f1f1f1;\" id=\"ub-content-toggle-panel-block-\">\n\t\t\t<div class=\"wp-block-ub-content-toggle-accordion-title-wrap\" style=\"background-color: #f1f1f1;\" aria-controls=\"ub-content-toggle-panel-5-06d37618-9595-4e56-ab5a-3fcb93567c33\" tabindex=\"0\">\n\t\t\t<p class=\"wp-block-ub-content-toggle-accordion-title ub-content-toggle-title-06d37618-9595-4e56-ab5a-3fcb93567c33\" style=\"color: #000000; \">2019 \u2013 Assist. Prof. Dr.\u00a0 Petra Peri\u0161i\u0107<\/p>\n\t\t\t<div class=\"wp-block-ub-content-toggle-accordion-toggle-wrap right\" style=\"color: #000000;\"><span class=\"wp-block-ub-content-toggle-accordion-state-indicator wp-block-ub-chevron-down\"><\/span><\/div>\n\t\t<\/div>\n\t\t\t<div role=\"region\" aria-expanded=\"false\" class=\"wp-block-ub-content-toggle-accordion-content-wrap ub-hide\" id=\"ub-content-toggle-panel-5-06d37618-9595-4e56-ab5a-3fcb93567c33\">\n\n<p>The Award for the Best Research Paper in a Foreign Journal in 2019 was given to Assistant Professor Petra Peri\u0161i\u0107 for her article \u201c<a href=\"https:\/\/www.russianlawjournal.org\/jour\/article\/view\/861\">Intervention by invitation \u2013 when can consent from a host state justify foreign military intervention?<\/a>\u201d, published in the Russian Law Journal, 7 (2019), 4: 4-29.<\/p>\n\n<\/div>\n\t\t<\/div>\n\n<div class=\"wp-block-ub-content-toggle-accordion\" style=\"border-color: #f1f1f1;\" id=\"ub-content-toggle-panel-block-\">\n\t\t\t<div class=\"wp-block-ub-content-toggle-accordion-title-wrap\" style=\"background-color: #f1f1f1;\" aria-controls=\"ub-content-toggle-panel-6-06d37618-9595-4e56-ab5a-3fcb93567c33\" tabindex=\"0\">\n\t\t\t<p class=\"wp-block-ub-content-toggle-accordion-title ub-content-toggle-title-06d37618-9595-4e56-ab5a-3fcb93567c33\" style=\"color: #000000; \">2018 \u2013 Assist. Prof. Dr.\u00a0 Vanja Smokvina<\/p>\n\t\t\t<div class=\"wp-block-ub-content-toggle-accordion-toggle-wrap right\" style=\"color: #000000;\"><span class=\"wp-block-ub-content-toggle-accordion-state-indicator wp-block-ub-chevron-down\"><\/span><\/div>\n\t\t<\/div>\n\t\t\t<div role=\"region\" aria-expanded=\"false\" class=\"wp-block-ub-content-toggle-accordion-content-wrap ub-hide\" id=\"ub-content-toggle-panel-6-06d37618-9595-4e56-ab5a-3fcb93567c33\">\n\n<p>The Award for the Best Research Paper in a Foreign Journal in 2018 was given to Assistant Professor Vanja Smokvina for her article \u201c<a href=\"https:\/\/www.bib.irb.hr\/952640\">Trasformazione del diritto del lavoro in Croazia dal 1990 fino ad oggi (passando per l\u2019Unione europea)<\/a>\u201d, published in Lavoro e diritto, 32 (2018) 3: 545-566.<\/p>\n\n<\/div>\n\t\t<\/div>\n<\/div>\n<\/div>\n\t\t<\/div>\n<\/div>","protected":false},"excerpt":{"rendered":"<p>Our distinguished researchers are awarded with the Faculty\u2019s annual research awards in two categories: the Award for Research Excellence and the Award for the Best Research Paper in a Foreign Journal. The procedure and criteria for awarding are defined by the Decision on Research Awards of the Faculty of Law in Rijeka.<\/p>\n","protected":false},"author":4,"featured_media":7423,"parent":8491,"menu_order":5,"comment_status":"closed","ping_status":"closed","template":"","meta":{"_acf_changed":false,"ub_ctt_via":"","footnotes":""},"class_list":["post-8526","page","type-page","status-publish","has-post-thumbnail","hentry"],"acf":[],"featured_image_src":"https:\/\/pravri.uniri.hr\/wp-content\/uploads\/2024\/09\/znanost-i-istrazivanje.jpg","_links":{"self":[{"href":"https:\/\/pravri.uniri.hr\/en\/wp-json\/wp\/v2\/pages\/8526","targetHints":{"allow":["GET"]}}],"collection":[{"href":"https:\/\/pravri.uniri.hr\/en\/wp-json\/wp\/v2\/pages"}],"about":[{"href":"https:\/\/pravri.uniri.hr\/en\/wp-json\/wp\/v2\/types\/page"}],"author":[{"embeddable":true,"href":"https:\/\/pravri.uniri.hr\/en\/wp-json\/wp\/v2\/users\/4"}],"replies":[{"embeddable":true,"href":"https:\/\/pravri.uniri.hr\/en\/wp-json\/wp\/v2\/comments?post=8526"}],"version-history":[{"count":8,"href":"https:\/\/pravri.uniri.hr\/en\/wp-json\/wp\/v2\/pages\/8526\/revisions"}],"predecessor-version":[{"id":15260,"href":"https:\/\/pravri.uniri.hr\/en\/wp-json\/wp\/v2\/pages\/8526\/revisions\/15260"}],"up":[{"embeddable":true,"href":"https:\/\/pravri.uniri.hr\/en\/wp-json\/wp\/v2\/pages\/8491"}],"wp:featuredmedia":[{"embeddable":true,"href":"https:\/\/pravri.uniri.hr\/en\/wp-json\/wp\/v2\/media\/7423"}],"wp:attachment":[{"href":"https:\/\/pravri.uniri.hr\/en\/wp-json\/wp\/v2\/media?parent=8526"}],"curies":[{"name":"wp","href":"https:\/\/api.w.org\/{rel}","templated":true}]}}