{"id":8542,"date":"2024-06-20T09:15:51","date_gmt":"2024-06-20T09:15:51","guid":{"rendered":"https:\/\/pravri.uniri.hr\/?page_id=8542"},"modified":"2025-01-20T10:28:02","modified_gmt":"2025-01-20T10:28:02","slug":"demonstrators-and-student-mentors","status":"publish","type":"page","link":"https:\/\/pravri.uniri.hr\/en\/lifepravri\/student-support\/demonstrators-and-student-mentors\/","title":{"rendered":"Demonstrators and Student Mentors"},"content":{"rendered":"\n<p>For the winter semester of the academic year 2024\/25, the following demonstrators have been appointed:<\/p>\n\n\n\n<ul class=\"wp-block-list\">\n<li><strong>Department of the History of Law and State<\/strong>: Klara Dvorski, Danijel Ratkovi\u0107, Luka Krznari\u0107 (volunteer), Vid Vi\u0161i\u0107 (volunteer)<\/li>\n\n\n\n<li><strong>Department of Theory of Law and State, Philosophy of Law, Human Rights, and Public Policy<\/strong>: Mihael Cvitko<\/li>\n\n\n\n<li><strong>Department of Sociology<\/strong>: Lea Kova\u010dek, Maja Medved<\/li>\n\n\n\n<li><strong>Department of Constitutional Law<\/strong>: Noel Sambol (volunteer)<\/li>\n\n\n\n<li><strong>Department of Foreign Languages<\/strong>: Neli Mato\u0161\u010devi\u0107, Margareta Obadi\u0107 (volunteer), Karin Kariko (volunteer)<\/li>\n\n\n\n<li><strong>Department of Civil Law<\/strong>: Hana Trstenjak, Marta Velja\u010di\u0107<\/li>\n\n\n\n<li><strong>Department of Criminal Law<\/strong>: Sandro Mili\u010dkovi\u0107, Lavinia Jelena Terzi\u0107<\/li>\n\n\n\n<li><strong>Department of International Law<\/strong>: Sara Trnov\u010danec<\/li>\n\n\n\n<li><strong>Department of Financial Law<\/strong>: Valentina Pauri\u0107, Viktor Licul<\/li>\n\n\n\n<li><strong>Department of Commercial Law and Corporate Law<\/strong>: Daria Ban<\/li>\n\n\n\n<li><strong>Department of Administrative Law<\/strong>: Dorian Superina<\/li>\n\n\n\n<li><strong>Department of Labor and Social Law<\/strong>: Nina Ivo\u0161evi\u0107<\/li>\n\n\n\n<li><strong>Department of International and European Private Law<\/strong>: Viktoria Rup\u010di\u0107 (volunteer), Edvard Telebar (volunteer)<\/li>\n\n\n\n<li><strong>Department of Maritime and Transportation\u00a0 Law<\/strong>: Iva Ukota<\/li>\n<\/ul>\n\n\n\n<p>For the summer semester of the academic year 2024\/25, the following demonstrators have been appointed:<\/p>\n\n\n\n<ul class=\"wp-block-list\">\n<li><strong>Department of Roman Law<\/strong>: Karolina Dujme\u0161i\u0107<\/li>\n\n\n\n<li><strong>Department of Constitutional Law<\/strong>: Sara Glamo\u010di\u0107, Luka Kuki\u0107, Noel Sambol (volunteer), Gabriela Ive\u0161i\u0107 (volunteer), Laura Jeger (volunteer), Elena Ba\u0161i\u0107 (volunteer)<\/li>\n\n\n\n<li><strong>Department of Foreign Languages<\/strong>: Margareta Obadi\u0107, Karin Kariko (volunteer)<\/li>\n\n\n\n<li><strong>Department of Civil Law<\/strong>: Magdalena \u0160tabek, Hana Trstenjak<\/li>\n\n\n\n<li><strong>Department of Criminal Procedural Law<\/strong>: Kristina Baki\u0107, Lavinia Jelena Terzi\u0107, Danijel Ratkovi\u0107 (volunteer)<\/li>\n\n\n\n<li><strong>Department of European Public Law<\/strong>: Anja Dmitrovi\u0107<\/li>\n\n\n\n<li><strong>Department of Administrative Science<\/strong>: Ana-Marija \u010cakar<\/li>\n\n\n\n<li><strong>Department of Commercial Law and Corporate Law<\/strong>: Daria Ban<\/li>\n\n\n\n<li><strong>Department of Labor and Social Law<\/strong>: Nina Ivo\u0161evi\u0107<\/li>\n\n\n\n<li><strong>Department of International and European Private Law<\/strong>: Dorian Superina<\/li>\n<\/ul>\n\n\n\n<p>For the academic year 2024\/25, the following students have been appointed as <strong>Student Mentors<\/strong>: Hanna Jure\u0161a, Antonela Kusturin, Sandro Mili\u010dkovi\u0107, and Elena Toma\u0161i\u0107.<\/p>\n","protected":false},"excerpt":{"rendered":"<p>For the winter semester of the academic year 2024\/25, the following demonstrators have been appointed: For the summer semester of the academic year 2024\/25, the following demonstrators have been appointed: For the academic year 2024\/25, the following students have been appointed as Student Mentors: Hanna Jure\u0161a, Antonela Kusturin, Sandro Mili\u010dkovi\u0107, and Elena Toma\u0161i\u0107.<\/p>\n","protected":false},"author":4,"featured_media":7422,"parent":8538,"menu_order":2,"comment_status":"closed","ping_status":"closed","template":"","meta":{"_acf_changed":false,"ub_ctt_via":"","footnotes":""},"class_list":["post-8542","page","type-page","status-publish","has-post-thumbnail","hentry"],"acf":[],"featured_image_src":"https:\/\/pravri.uniri.hr\/wp-content\/uploads\/2024\/09\/zivot.jpg","_links":{"self":[{"href":"https:\/\/pravri.uniri.hr\/en\/wp-json\/wp\/v2\/pages\/8542","targetHints":{"allow":["GET"]}}],"collection":[{"href":"https:\/\/pravri.uniri.hr\/en\/wp-json\/wp\/v2\/pages"}],"about":[{"href":"https:\/\/pravri.uniri.hr\/en\/wp-json\/wp\/v2\/types\/page"}],"author":[{"embeddable":true,"href":"https:\/\/pravri.uniri.hr\/en\/wp-json\/wp\/v2\/users\/4"}],"replies":[{"embeddable":true,"href":"https:\/\/pravri.uniri.hr\/en\/wp-json\/wp\/v2\/comments?post=8542"}],"version-history":[{"count":2,"href":"https:\/\/pravri.uniri.hr\/en\/wp-json\/wp\/v2\/pages\/8542\/revisions"}],"predecessor-version":[{"id":8798,"href":"https:\/\/pravri.uniri.hr\/en\/wp-json\/wp\/v2\/pages\/8542\/revisions\/8798"}],"up":[{"embeddable":true,"href":"https:\/\/pravri.uniri.hr\/en\/wp-json\/wp\/v2\/pages\/8538"}],"wp:featuredmedia":[{"embeddable":true,"href":"https:\/\/pravri.uniri.hr\/en\/wp-json\/wp\/v2\/media\/7422"}],"wp:attachment":[{"href":"https:\/\/pravri.uniri.hr\/en\/wp-json\/wp\/v2\/media?parent=8542"}],"curies":[{"name":"wp","href":"https:\/\/api.w.org\/{rel}","templated":true}]}}