{"id":8669,"date":"2024-09-30T13:50:12","date_gmt":"2024-09-30T13:50:12","guid":{"rendered":"https:\/\/pravri.uniri.hr\/?page_id=8669"},"modified":"2025-04-29T10:00:12","modified_gmt":"2025-04-29T10:00:12","slug":"rijeka-lectures-on-comparative-law","status":"publish","type":"page","link":"https:\/\/pravri.uniri.hr\/en\/science-and-research\/mobility-and-internationalisation\/rijeka-lectures-on-comparative-law\/","title":{"rendered":"Rijeka Lectures on Comparative Law"},"content":{"rendered":"\n<figure class=\"wp-block-table is-style-stripes\"><table class=\"has-fixed-layout\"><tbody><tr><td>29 April 2025<\/td><td>Prof. Dr. Pasquale Pistone<\/td><td><a href=\"https:\/\/pravri.uniri.hr\/wp-content\/uploads\/2025\/04\/CompLaw-2025-04-29-Pistone.pdf\" data-type=\"attachment\" data-id=\"10423\" target=\"_blank\" rel=\"noreferrer noopener\">Europeanisation of Tax Law and Common Constitutional Traditions of EU Member States<\/a><\/td><\/tr><tr><td>9 April 2025<\/td><td>Assist. Prof. Dr. Natalia Da\u015bko<\/td><td><a href=\"https:\/\/pravri.uniri.hr\/wp-content\/uploads\/2025\/04\/CompLaw-2025-04-09-Dasko.pdf\" data-type=\"attachment\" data-id=\"10180\" target=\"_blank\" rel=\"noreferrer noopener\">Criminal Policy Towards Sexual Offences in Poland<\/a><\/td><\/tr><tr><td>10 October 2024<\/td><td>Karlyn Dana Stanley, J.D.<\/td><td><a href=\"https:\/\/pravri.uniri.hr\/wp-content\/uploads\/2024\/10\/CompLaw-2024-10-10-Staneley.pdf\" data-type=\"attachment\" data-id=\"6169\" target=\"_blank\" rel=\"noreferrer noopener\">Road Vehicle Automation: The Legal and Policy Road Ahead<\/a><\/td><\/tr><tr><td>17 July 2024<\/td><td>Ivanka Karaivanova<\/td><td><a href=\"https:\/\/arhiva.pravri.uniri.hr\/files\/rijecka_predavanja\/CompLaw-2024-07-17-Karaivanova.pdf\" target=\"_blank\" rel=\"noreferrer noopener\">Curated Public Enforcement in the Pursuit of Compliance in the Digital Markets<\/a><\/td><\/tr><tr><td>20 May 2024<\/td><td>Assoc. Prof. Dr. Marcin Lysko<\/td><td><a href=\"https:\/\/arhiva.pravri.uniri.hr\/files\/rijecka_predavanja\/CompLaw-2023-05-20-Marcin.pdf\" target=\"_blank\" rel=\"noreferrer noopener\">The history of the city of Gdansk<\/a><\/td><\/tr><tr><td>13 June 2023<\/td><td>Assist. Prof. Dr. Jos\u00e9 Maria Lorenzo Villaverde<\/td><td><a href=\"https:\/\/arhiva.pravri.uniri.hr\/files\/rijecka_predavanja\/CompLaw-2023-06-13-Villaverde.pdf\" target=\"_blank\" rel=\"noreferrer noopener\">Nordic PIL in Family Matters: The Danish Rigsf\u00e6llesskab<\/a><\/td><\/tr><tr><td>7 October 2022<\/td><td>Univ.-Prof. Dr. iur. Hannes R\u00f6sler<\/td><td><a href=\"https:\/\/arhiva.pravri.uniri.hr\/files\/rijecka_predavanja\/CompLaw-2022-10-07-Roesler.pdf\" target=\"_blank\" rel=\"noreferrer noopener\">The Role of Consumer Law in European Private Law: A German Perspective<\/a><\/td><\/tr><tr><td>5 May 2022<\/td><td>Prof. Zlatan Me\u0161ki\u0107<\/td><td><a href=\"https:\/\/arhiva.pravri.uniri.hr\/files\/rijecka_predavanja\/CompLaw-2022-05-05-Meskic.pdf\" target=\"_blank\" rel=\"noreferrer noopener\">Enforcement of Foreign Judgments and Arbitral Awards in Saudi Arabia in light of the Saudi Vision 2030<\/a><\/td><\/tr><tr><td>6 December 2021<\/td><td>Assoc. Prof. Mehdi Zakerian<\/td><td><a href=\"https:\/\/arhiva.pravri.uniri.hr\/files\/rijecka_predavanja\/CompLaw-2021-12-06-Zakerian.pdf\" target=\"_blank\" rel=\"noreferrer noopener\">Islamic Society and Human Rights<\/a><\/td><\/tr><tr><td>16 November 2021<\/td><td>Professor James E. Moliterno<\/td><td><a href=\"https:\/\/arhiva.pravri.uniri.hr\/files\/rijecka_predavanja\/CompLaw-2020-11-16-Moliterno.pdf\" target=\"_blank\" rel=\"noreferrer noopener\">The Fear of Sharing Power: US Lawyers Resistance to Global Changes in Legal Services Ownership<\/a><\/td><\/tr><tr><td>5 November 2021<\/td><td>Prof. Piotr Tereszkiewicz<\/td><td><a href=\"https:\/\/arhiva.pravri.uniri.hr\/files\/rijecka_predavanja\/CompLaw-2021-11-05-Tereszkiewicz.pdf\" target=\"_blank\" rel=\"noreferrer noopener\">Online Platforms: Regulation and Liability<\/a><\/td><\/tr><tr><td>14 April 2021<\/td><td>Maja Markov\u010di\u0107 Kostelac<\/td><td><a href=\"https:\/\/arhiva.pravri.uniri.hr\/files\/rijecka_predavanja\/CompLaw-2021-04-14-Kostelac-link.pdf\" target=\"_blank\" rel=\"noreferrer noopener\">EMSA role in the European Green Deal<\/a><\/td><\/tr><tr><td>17 December 2020<\/td><td>Ines Duhanic, LL.M.<\/td><td><a href=\"https:\/\/arhiva.pravri.uniri.hr\/files\/rijecka_predavanja\/CompLaw-2020-12-17-Duhanic.pdf\" target=\"_blank\" rel=\"noreferrer noopener\">Upload filters, caricatures, parodies, pastiches and memes on the internet: Practical implications of the DSM Directive<\/a><\/td><\/tr><tr><td>6 November 2020<\/td><td>Prof. Geraint Howells<\/td><td><a href=\"https:\/\/arhiva.pravri.uniri.hr\/files\/rijecka_predavanja\/CompLaw-2020-11-06-Howels.pdf\" target=\"_blank\" rel=\"noreferrer noopener\">Consumers and Covid \u2013 Product Safety and Change of Circumstances<\/a><\/td><\/tr><tr><td>3 June 2019<\/td><td>Michael Wilderspin<\/td><td><a href=\"https:\/\/arhiva.pravri.uniri.hr\/files\/rijecka_predavanja\/CompLaw-2019-06-03-Wilderspin.pdf\" target=\"_blank\" rel=\"noreferrer noopener\">The CJEU case law on the Succession Regulation<\/a><\/td><\/tr><tr><td>30 May 2019<\/td><td>Assist. Prof. Dr. Jacek Srokosz<\/td><td><a href=\"https:\/\/arhiva.pravri.uniri.hr\/files\/rijecka_predavanja\/CompLaw-2019-05-30-Srokosz.pdf\" target=\"_blank\" rel=\"noreferrer noopener\">Juristocracy as a part\/versus Democracy? The debate on role of judges in contemporary democracy in a context of populist movements<\/a><\/td><\/tr><tr><td>29 May 2019<\/td><td>Dr. Antonio Magni<\/td><td><a href=\"https:\/\/arhiva.pravri.uniri.hr\/files\/rijecka_predavanja\/CompLaw-2019-05-29-Magni.pdf\" target=\"_blank\" rel=\"noreferrer noopener\">Biotechnological inventions and patent law in the European Union<\/a><\/td><\/tr><tr><td>24 April 2019<\/td><td>Prof. Dr. Pasquale Pistone<\/td><td><a href=\"https:\/\/arhiva.pravri.uniri.hr\/files\/rijecka_predavanja\/CompLaw-2019-04-24-Pistone.pdf\" target=\"_blank\" rel=\"noreferrer noopener\">The shift to qualified majority voting in tax matters: enhancing European democratic legitimacy<\/a><\/td><\/tr><tr><td>17 April 2019<\/td><td>Assist. Prof. Dr. Elena Orr\u00f9<\/td><td><a href=\"https:\/\/arhiva.pravri.uniri.hr\/files\/rijecka_predavanja\/CompLaw-2019-04-17-Orru.pdf\" target=\"_blank\" rel=\"noreferrer noopener\">The EU law on ship-source pollution implementing the MARPOL Convention and the Italian regime<\/a><\/td><\/tr><tr><td>8 May 2018<\/td><td>Prof. Dr. Wojciech Lis<\/td><td><a href=\"https:\/\/arhiva.pravri.uniri.hr\/files\/rijecka_predavanja\/CompLaw-2018-05-07-Lis.pdf\" target=\"_blank\" rel=\"noreferrer noopener\">The place and role of the family in Polish culture and law<\/a><\/td><\/tr><tr><td>26 April 2018<\/td><td>Dr. Erjon Hitaj<\/td><td><a href=\"https:\/\/arhiva.pravri.uniri.hr\/files\/rijecka_predavanja\/CompLaw-2018-04-26-Hitaj.pdf\" target=\"_blank\" rel=\"noreferrer noopener\">Use of drones and global security: implications under international law<\/a><\/td><\/tr><tr><td>26 April 2018<\/td><td>Prof. Dr. Xhezair Zaganjori<\/td><td><a href=\"https:\/\/arhiva.pravri.uniri.hr\/files\/rijecka_predavanja\/CompLaw-2018-04-26-Zaganjori.pdf\" target=\"_blank\" rel=\"noreferrer noopener\">Albania on the Road to the EU \u2013 Political and Legal Aspects<\/a><\/td><\/tr><tr><td>25 April 2018<\/td><td>Prof. Dr. Pasquale Pistone<\/td><td><a href=\"https:\/\/arhiva.pravri.uniri.hr\/files\/rijecka_predavanja\/CompLaw-2018-04-25-Pistone.pdf\" target=\"_blank\" rel=\"noreferrer noopener\">Tax integration in the European Union<\/a><\/td><\/tr><tr><td>18 April 2018<\/td><td>Dr. Agnieszka Wedel-Domaradzka<\/td><td><a href=\"https:\/\/arhiva.pravri.uniri.hr\/files\/rijecka_predavanja\/CompLaw-2018-04-18-Wedel-Domaradzka.pdf\" target=\"_blank\" rel=\"noreferrer noopener\">Human rights protection \u2013 developments and challenges in legal systems of Poland and Croatia<\/a><\/td><\/tr><tr><td>3 April 2018<\/td><td>Prof. Dr. Larry A. DiMatteo<\/td><td><a href=\"https:\/\/arhiva.pravri.uniri.hr\/files\/rijecka_predavanja\/CompLaw-2018-04-03-DiMatteo.pdf\" target=\"_blank\" rel=\"noreferrer noopener\">Rise of American limited liability company: managers and members&#8217; duty to act in good faith?<\/a><\/td><\/tr><tr><td>15 March 2018<\/td><td>Prof. dr. sc. Enes Biki\u0107<\/td><td><a href=\"https:\/\/arhiva.pravri.uniri.hr\/files\/rijecka_predavanja\/CompLaw-2018-03-15-Bikic.pdf\" target=\"_blank\" rel=\"noreferrer noopener\">Opoziv punomo\u0107i<\/a><\/td><\/tr><tr><td>14 March 2018<\/td><td>Assoc. Prof. Dr. Thalia Kruger<\/td><td><a href=\"https:\/\/arhiva.pravri.uniri.hr\/files\/rijecka_predavanja\/CompLaw-2018-03-14-Kruger.pdf\" target=\"_blank\" rel=\"noreferrer noopener\">Migrating children and private international law<\/a><\/td><\/tr><tr><td>7 March 2018<\/td><td>Prof. dr. sc. Spahija Kozli\u0107<\/td><td><a href=\"https:\/\/arhiva.pravri.uniri.hr\/files\/rijecka_predavanja\/CompLaw-2018-03-07-Kozlic.pdf\" target=\"_blank\" rel=\"noreferrer noopener\">Filozofske osnove teorije prirodnog prava<\/a><\/td><\/tr><tr><td>19 December 2017<\/td><td>Michal Pova\u017ean<\/td><td><a href=\"https:\/\/arhiva.pravri.uniri.hr\/files\/rijecka_predavanja\/CompLaw-2017-12-19-Povazan.pdf\" target=\"_blank\" rel=\"noreferrer noopener\">Legal existence of Slovak State (1939-1945) and similarities to NDH<\/a><\/td><\/tr><tr><td>28 November 2017<\/td><td>Prof. dr. sc. Neboj\u0161a Ran\u0111elovi\u0107<\/td><td><a href=\"https:\/\/arhiva.pravri.uniri.hr\/files\/rijecka_predavanja\/CompLaw-2017-11-28-Randelovic.pdf\" target=\"_blank\" rel=\"noreferrer noopener\">Od Berlinskog kongresa 1878. do danas<\/a><\/td><\/tr><tr><td>7 June 2017<\/td><td>Dr. Alicja Jagielska-Burduk<\/td><td><a href=\"https:\/\/arhiva.pravri.uniri.hr\/files\/rijecka_predavanja\/CompLaw-2017-06-07-Jagielska-Burduk.pdf\" target=\"_blank\" rel=\"noreferrer noopener\">European cultural heritage \u2013 educational aspect and legal framework<\/a><\/td><\/tr><tr><td>6 June 2017<\/td><td>Dr. Alicja Jagielska-Burduk<\/td><td><a href=\"https:\/\/arhiva.pravri.uniri.hr\/files\/rijecka_predavanja\/CompLaw-2017-06-06-Jagielska-Burduk.pdf\" target=\"_blank\" rel=\"noreferrer noopener\">Polish cultural heritage law \u2013 challenges and risks<\/a><\/td><\/tr><tr><td>8 May 2017<\/td><td>Prof. Dr. Jean C. Sonnekus<\/td><td><a href=\"https:\/\/arhiva.pravri.uniri.hr\/files\/rijecka_predavanja\/CompLaw-2017-05-08-Sonnekus.pdf\" target=\"_blank\" rel=\"noreferrer noopener\">Calling the absconding father to book regarding his maintenance duties towards his minor offspring left behind after his stealthy emigration<\/a><\/td><\/tr><tr><td>5 May 2017<\/td><td>Vedran Obu\u010dina<\/td><td><a href=\"https:\/\/arhiva.pravri.uniri.hr\/files\/rijecka_predavanja\/CompLaw-2017-05-05-Obucina.pdf\" target=\"_blank\" rel=\"noreferrer noopener\">Koncepcija dr\u017eave u islamu \u2013 primjer Islamske Republike Iran<\/a><\/td><\/tr><tr><td>4 May 2017<\/td><td>Asst. Prof. Dr. Izabela Kapsa<\/td><td><a href=\"https:\/\/arhiva.pravri.uniri.hr\/files\/rijecka_predavanja\/CompLaw-2017-05-04-Kapsa.pdf\" target=\"_blank\" rel=\"noreferrer noopener\">Constitution of the Republic of Poland as the object of political conflict<\/a><\/td><\/tr><tr><td>9 December 2016<\/td><td>Prof. Dr. Grega Strban<\/td><td><a href=\"https:\/\/arhiva.pravri.uniri.hr\/files\/rijecka_predavanja\/CompLaw-2016-12-09-Strban.pdf\" target=\"_blank\" rel=\"noreferrer noopener\">Recent developments in EU social security law<\/a><\/td><\/tr><tr><td>2 December 2016<\/td><td>Asst. Prof. Dr. Erika Kov\u00e1cs<\/td><td><a href=\"https:\/\/arhiva.pravri.uniri.hr\/files\/rijecka_predavanja\/CompLaw-2016-12-02-Kovacs.pdf\" target=\"_blank\" rel=\"noreferrer noopener\">Posting of workers in the EU<\/a><\/td><\/tr><tr><td>14 November 2016<\/td><td>Assist. Prof. Dr. Andrzej Jakubowski<\/td><td><a href=\"https:\/\/arhiva.pravri.uniri.hr\/files\/rijecka_predavanja\/CompLaw-2016-11-14-Jakubowski.pdf\" target=\"_blank\" rel=\"noreferrer noopener\">Access to Cultural Justice as a Human Right<\/a><\/td><\/tr><tr><td>14 November 2016<\/td><td>Prof.ssa Francesca Fiorentini<\/td><td><a href=\"https:\/\/arhiva.pravri.uniri.hr\/files\/rijecka_predavanja\/CompLaw-2016-11-14-Fiorentini.pdf\" target=\"_blank\" rel=\"noreferrer noopener\">The Right to Cultural Heritage in the EU and Trade Agreements<\/a><\/td><\/tr><tr><td>28 October 2016<\/td><td>Izv. prof. dr. sc. Marija Karaniki\u0107 Miri\u0107<\/td><td><a href=\"https:\/\/arhiva.pravri.uniri.hr\/files\/rijecka_predavanja\/CompLaw-2016-10-28-KaranikicMiric.pdf\" target=\"_blank\" rel=\"noreferrer noopener\">Nepo\u0161tene ugovorne odredbe: usporedba srpskog prava i europskih propisa<\/a><\/td><\/tr><tr><td>16 May 2016<\/td><td>Izv. prof. dr. sc. Sa\u0161a Preli\u010d<\/td><td><a href=\"https:\/\/arhiva.pravri.uniri.hr\/files\/rijecka_predavanja\/CompLaw-2016-05-16-prelic.pdf\" target=\"_blank\" rel=\"noreferrer noopener\">Posebnosti slovenskog prava dru\u0161tava<\/a><\/td><\/tr><tr><td>28 April 2016<\/td><td>JUDr. Radom\u00edr Jakab, Ph.D.<\/td><td><a href=\"https:\/\/arhiva.pravri.uniri.hr\/files\/rijecka_predavanja\/CompLaw-2016-04-27-Jakab.pdf\" target=\"_blank\" rel=\"noreferrer noopener\">Constitutional system in Slovakia and its development<\/a><\/td><\/tr><tr><td>27 April 2016<\/td><td>JUDr. Radom\u00edr Jakab, Ph.D.<\/td><td><a href=\"https:\/\/arhiva.pravri.uniri.hr\/files\/rijecka_predavanja\/CompLaw-2016-04-27-Jakab.pdf\" target=\"_blank\" rel=\"noreferrer noopener\">Judicial control of public administration<\/a><\/td><\/tr><\/tbody><\/table><\/figure>\n","protected":false},"excerpt":{"rendered":"<p>29 April 2025 Prof. Dr. Pasquale Pistone Europeanisation of Tax Law and Common Constitutional Traditions of EU Member States 9 April 2025 Assist. Prof. Dr. Natalia Da\u015bko Criminal Policy Towards Sexual Offences in Poland 10 October 2024 Karlyn Dana Stanley, J.D. Road Vehicle Automation: The Legal and Policy Road Ahead 17 July 2024 Ivanka Karaivanova [&hellip;]<\/p>\n","protected":false},"author":4,"featured_media":0,"parent":8517,"menu_order":3,"comment_status":"closed","ping_status":"closed","template":"","meta":{"_acf_changed":false,"ub_ctt_via":"","footnotes":""},"class_list":["post-8669","page","type-page","status-publish","hentry"],"acf":[],"featured_image_src":null,"_links":{"self":[{"href":"https:\/\/pravri.uniri.hr\/en\/wp-json\/wp\/v2\/pages\/8669","targetHints":{"allow":["GET"]}}],"collection":[{"href":"https:\/\/pravri.uniri.hr\/en\/wp-json\/wp\/v2\/pages"}],"about":[{"href":"https:\/\/pravri.uniri.hr\/en\/wp-json\/wp\/v2\/types\/page"}],"author":[{"embeddable":true,"href":"https:\/\/pravri.uniri.hr\/en\/wp-json\/wp\/v2\/users\/4"}],"replies":[{"embeddable":true,"href":"https:\/\/pravri.uniri.hr\/en\/wp-json\/wp\/v2\/comments?post=8669"}],"version-history":[{"count":3,"href":"https:\/\/pravri.uniri.hr\/en\/wp-json\/wp\/v2\/pages\/8669\/revisions"}],"predecessor-version":[{"id":10426,"href":"https:\/\/pravri.uniri.hr\/en\/wp-json\/wp\/v2\/pages\/8669\/revisions\/10426"}],"up":[{"embeddable":true,"href":"https:\/\/pravri.uniri.hr\/en\/wp-json\/wp\/v2\/pages\/8517"}],"wp:attachment":[{"href":"https:\/\/pravri.uniri.hr\/en\/wp-json\/wp\/v2\/media?parent=8669"}],"curies":[{"name":"wp","href":"https:\/\/api.w.org\/{rel}","templated":true}]}}